
{"id":13910,"date":"2024-09-26T11:35:14","date_gmt":"2024-09-26T10:35:14","guid":{"rendered":"https:\/\/art2trading.com\/?page_id=13910"},"modified":"2024-09-26T11:57:07","modified_gmt":"2024-09-26T10:57:07","slug":"co3eso","status":"publish","type":"page","link":"https:\/\/art2trading.com\/pt\/co3eso\/","title":{"rendered":"<p>+CO3ESO<\/p>"},"content":{"rendered":"<div data-elementor-type=\"wp-page\" data-elementor-id=\"13910\" class=\"elementor elementor-13910\" data-elementor-settings=\"[]\">\n\t\t\t\t\t\t\t<div class=\"elementor-section-wrap\">\n\t\t\t\t\t\t\t<section class=\"elementor-section elementor-top-section elementor-element elementor-element-ce80a24 elementor-section-boxed elementor-section-height-default elementor-section-height-default\" data-id=\"ce80a24\" data-element_type=\"section\">\n\t\t\t\t\t\t<div class=\"elementor-container elementor-column-gap-default\">\n\t\t\t\t\t<div class=\"elementor-column elementor-col-100 elementor-top-column elementor-element elementor-element-7a4ccf4\" data-id=\"7a4ccf4\" data-element_type=\"column\">\n\t\t\t<div class=\"elementor-widget-wrap elementor-element-populated\">\n\t\t\t\t\t\t\t\t<div class=\"elementor-element elementor-element-0510d4d elementor-widget elementor-widget-heading\" data-id=\"0510d4d\" data-element_type=\"widget\" data-widget_type=\"heading.default\">\n\t\t\t\t<div class=\"elementor-widget-container\">\n\t\t\t<h2 class=\"elementor-heading-title elementor-size-default\"><span style=\"color: rgb(33, 37, 41); font-family: Arial;\">Cofinanciado por:<\/span><\/h2>\t\t<\/div>\n\t\t\t\t<\/div>\n\t\t\t\t\t<\/div>\n\t\t<\/div>\n\t\t\t\t\t\t\t<\/div>\n\t\t<\/section>\n\t\t\t\t<section class=\"elementor-section elementor-top-section elementor-element elementor-element-3fd1ff2 elementor-section-boxed elementor-section-height-default elementor-section-height-default\" data-id=\"3fd1ff2\" data-element_type=\"section\">\n\t\t\t\t\t\t<div class=\"elementor-container elementor-column-gap-default\">\n\t\t\t\t\t<div class=\"elementor-column elementor-col-33 elementor-top-column elementor-element elementor-element-ede1b53\" data-id=\"ede1b53\" data-element_type=\"column\">\n\t\t\t<div class=\"elementor-widget-wrap elementor-element-populated\">\n\t\t\t\t\t\t\t\t<div class=\"elementor-element elementor-element-5667cf3 elementor-widget elementor-widget-image\" data-id=\"5667cf3\" data-element_type=\"widget\" data-widget_type=\"image.default\">\n\t\t\t\t<div class=\"elementor-widget-container\">\n\t\t\t\t\t<div class=\"elementor-image\">\n\t\t\t\t\t\t\t\t\t\t<img loading=\"lazy\" decoding=\"async\" width=\"200\" height=\"200\" src=\"https:\/\/art2trading.com\/wp-content\/uploads\/2024\/09\/POCentro_PT2020_FEDER_BomL2Tp.png\" class=\"attachment-large size-large\" alt=\"\" srcset=\"https:\/\/art2trading.com\/wp-content\/uploads\/2024\/09\/POCentro_PT2020_FEDER_BomL2Tp.png 200w, https:\/\/art2trading.com\/wp-content\/uploads\/2024\/09\/POCentro_PT2020_FEDER_BomL2Tp-150x150.png 150w, https:\/\/art2trading.com\/wp-content\/uploads\/2024\/09\/POCentro_PT2020_FEDER_BomL2Tp-12x12.png 12w, https:\/\/art2trading.com\/wp-content\/uploads\/2024\/09\/POCentro_PT2020_FEDER_BomL2Tp-70x70.png 70w, https:\/\/art2trading.com\/wp-content\/uploads\/2024\/09\/POCentro_PT2020_FEDER_BomL2Tp-65x65.png 65w, https:\/\/art2trading.com\/wp-content\/uploads\/2024\/09\/POCentro_PT2020_FEDER_BomL2Tp-100x100.png 100w, https:\/\/art2trading.com\/wp-content\/uploads\/2024\/09\/POCentro_PT2020_FEDER_BomL2Tp-50x50.png 50w\" sizes=\"(max-width: 200px) 100vw, 200px\">\t\t\t\t\t\t\t\t\t\t\t<\/div>\n\t\t\t\t<\/div>\n\t\t\t\t<\/div>\n\t\t\t\t\t<\/div>\n\t\t<\/div>\n\t\t\t\t<div class=\"elementor-column elementor-col-33 elementor-top-column elementor-element elementor-element-873f781\" data-id=\"873f781\" data-element_type=\"column\">\n\t\t\t<div class=\"elementor-widget-wrap elementor-element-populated\">\n\t\t\t\t\t\t\t\t<div class=\"elementor-element elementor-element-88979c3 elementor-widget elementor-widget-image\" data-id=\"88979c3\" data-element_type=\"widget\" data-widget_type=\"image.default\">\n\t\t\t\t<div class=\"elementor-widget-container\">\n\t\t\t\t\t<div class=\"elementor-image\">\n\t\t\t\t\t\t\t\t\t\t<img loading=\"lazy\" decoding=\"async\" width=\"200\" height=\"200\" src=\"https:\/\/art2trading.com\/wp-content\/uploads\/2024\/09\/Portugal_PT2020_L2Tp.png\" class=\"attachment-large size-large\" alt=\"\" srcset=\"https:\/\/art2trading.com\/wp-content\/uploads\/2024\/09\/Portugal_PT2020_L2Tp.png 200w, https:\/\/art2trading.com\/wp-content\/uploads\/2024\/09\/Portugal_PT2020_L2Tp-150x150.png 150w, https:\/\/art2trading.com\/wp-content\/uploads\/2024\/09\/Portugal_PT2020_L2Tp-12x12.png 12w, https:\/\/art2trading.com\/wp-content\/uploads\/2024\/09\/Portugal_PT2020_L2Tp-70x70.png 70w, https:\/\/art2trading.com\/wp-content\/uploads\/2024\/09\/Portugal_PT2020_L2Tp-65x65.png 65w, https:\/\/art2trading.com\/wp-content\/uploads\/2024\/09\/Portugal_PT2020_L2Tp-100x100.png 100w, https:\/\/art2trading.com\/wp-content\/uploads\/2024\/09\/Portugal_PT2020_L2Tp-50x50.png 50w\" sizes=\"(max-width: 200px) 100vw, 200px\">\t\t\t\t\t\t\t\t\t\t\t<\/div>\n\t\t\t\t<\/div>\n\t\t\t\t<\/div>\n\t\t\t\t\t<\/div>\n\t\t<\/div>\n\t\t\t\t<div class=\"elementor-column elementor-col-33 elementor-top-column elementor-element elementor-element-bd858ac\" data-id=\"bd858ac\" data-element_type=\"column\">\n\t\t\t<div class=\"elementor-widget-wrap elementor-element-populated\">\n\t\t\t\t\t\t\t\t<div class=\"elementor-element elementor-element-434c118 elementor-widget elementor-widget-image\" data-id=\"434c118\" data-element_type=\"widget\" data-widget_type=\"image.default\">\n\t\t\t\t<div class=\"elementor-widget-container\">\n\t\t\t\t\t<div class=\"elementor-image\">\n\t\t\t\t\t\t\t\t\t\t<img loading=\"lazy\" decoding=\"async\" width=\"200\" height=\"200\" src=\"https:\/\/art2trading.com\/wp-content\/uploads\/2024\/09\/pt20.png\" class=\"attachment-large size-large\" alt=\"\" srcset=\"https:\/\/art2trading.com\/wp-content\/uploads\/2024\/09\/pt20.png 200w, https:\/\/art2trading.com\/wp-content\/uploads\/2024\/09\/pt20-150x150.png 150w, https:\/\/art2trading.com\/wp-content\/uploads\/2024\/09\/pt20-12x12.png 12w, https:\/\/art2trading.com\/wp-content\/uploads\/2024\/09\/pt20-70x70.png 70w, https:\/\/art2trading.com\/wp-content\/uploads\/2024\/09\/pt20-65x65.png 65w, https:\/\/art2trading.com\/wp-content\/uploads\/2024\/09\/pt20-100x100.png 100w, https:\/\/art2trading.com\/wp-content\/uploads\/2024\/09\/pt20-50x50.png 50w\" sizes=\"(max-width: 200px) 100vw, 200px\">\t\t\t\t\t\t\t\t\t\t\t<\/div>\n\t\t\t\t<\/div>\n\t\t\t\t<\/div>\n\t\t\t\t\t<\/div>\n\t\t<\/div>\n\t\t\t\t\t\t\t<\/div>\n\t\t<\/section>\n\t\t\t\t<section class=\"elementor-section elementor-top-section elementor-element elementor-element-02e8df9 elementor-section-boxed elementor-section-height-default elementor-section-height-default\" data-id=\"02e8df9\" data-element_type=\"section\">\n\t\t\t\t\t\t<div class=\"elementor-container elementor-column-gap-default\">\n\t\t\t\t\t<div class=\"elementor-column elementor-col-100 elementor-top-column elementor-element elementor-element-069e5ca\" data-id=\"069e5ca\" data-element_type=\"column\">\n\t\t\t<div class=\"elementor-widget-wrap elementor-element-populated\">\n\t\t\t\t\t\t\t\t<div class=\"elementor-element elementor-element-49f0fe6 elementor-widget elementor-widget-text-editor\" data-id=\"49f0fe6\" data-element_type=\"widget\" data-widget_type=\"text-editor.default\">\n\t\t\t\t<div class=\"elementor-widget-container\">\n\t\t\t\t\t<div class=\"elementor-text-editor elementor-clearfix\"><p style=\"font-weight: 400;\"><span style=\"font-family: Roboto;\"><b>Designa&ccedil;&atilde;o do projeto: <\/b>+CO3SO Emprego Urbano &ndash; AVEIRO SUL<\/span><\/p><p style=\"font-weight: 400;\"><span style=\"font-family: Roboto;\"><b>C&oacute;digo do projeto<\/b><span style=\"font-weight: 400;\">: CENTRO-05-4740-FSE-002403<\/span><\/span><\/p><p style=\"font-weight: 400;\"><span style=\"font-family: Roboto;\"><b>Objetivo principal:<\/b><span style=\"font-weight: 400;\"> Promover a integra&ccedil;&atilde;o social e combater a pobreza e qualquer discrimina&ccedil;&atilde;o<\/span><\/span><\/p><p style=\"font-weight: 400;\"><span style=\"font-family: Roboto;\"><b>Regi&atilde;o de interven&ccedil;&atilde;o:<\/b><span style=\"font-weight: 400;\"> Centro &ndash; Regi&atilde;o de Aveiro &ndash; AVEIRO SUL<\/span><\/span><\/p><p style=\"font-weight: 400;\"><span style=\"font-family: Roboto;\"><b>Entidade benefici&aacute;ria:<\/b><span style=\"font-weight: 400;\"> LEARNING2TRADING, LDA<\/span><\/span><\/p><p style=\"font-weight: 400;\"><span style=\"font-family: Roboto;\"><b>Data de aprova&ccedil;&atilde;o:<\/b><span style=\"font-weight: 400;\"> 1 de julho 2021&nbsp;<\/span><\/span><\/p><p style=\"font-weight: 400;\"><span style=\"font-family: Roboto;\"><b>Data de in&iacute;cio:<\/b>1 de julho 2021<\/span><\/p><p style=\"font-weight: 400;\"><span style=\"font-family: Roboto;\"><b>Data de para a conclus&atilde;o:<\/b><span style=\"font-weight: 400;\"> 31 de dezembro 2023<\/span><\/span><\/p><p style=\"font-weight: 400;\"><span style=\"font-family: Roboto;\"><b>Investimento eleg&iacute;vel:<\/b><span style=\"font-weight: 400;\"> 174<\/span>.<span style=\"font-weight: 400;\">636<\/span><span style=\"font-weight: 400;\">,00 EUR<\/span><\/span><\/p><p style=\"font-weight: 400;\"><span style=\"font-family: Roboto;\"><b>Fundo total aprovado:<\/b><span style=\"font-weight: 400;\"> 148.440,60 EUR Fundo Social Europeu (CENTRO-05-4740-FSE-002403)<\/span><\/span><\/p><p style=\"font-weight: 400;\"><span style=\"font-family: Roboto;\"><span style=\"font-weight: 400;\">&nbsp;<\/span><\/span><\/p><p style=\"font-weight: 400;\"><span style=\"font-family: Roboto;\"><b>Principal Objetivo:<\/b><\/span><\/p><p style=\"font-weight: 400;\"><span style=\"font-family: Roboto;\">Promover a integra&ccedil;&atilde;o social e combater a pobreza e qualquer discrimina&ccedil;&atilde;o, apoiar a contrata&ccedil;&atilde;o e a cria&ccedil;&atilde;o de postos de trabalho.<\/span><\/p><p style=\"font-weight: 400;\"><span style=\"font-weight: 400; font-family: Roboto;\">Este projeto &eacute; focado em atividades de programa&ccedil;&atilde;o e consultoria inform&aacute;tica, de m&eacute;todos, conte&uacute;dos, ferramentas e sistemas na &aacute;rea financeira. Nos dom&iacute;nios diferenciadores tem&aacute;ticos TIC e contribui para a coes&atilde;o territorial.<\/span><\/p><p style=\"font-weight: 400;\"><span style=\"font-weight: 400; font-family: Roboto;\">Inova&ccedil;&atilde;o &ndash; Atrav&eacute;s do desenvolvimento de ferramentas digitais autom&aacute;ticas de an&aacute;lise gr&aacute;ficas, gest&atilde;o e negocia&ccedil;&atilde;o de ativos financeiros com recurso a algoritmos pr&oacute;prios e intelig&ecirc;ncia artificial. Mediante uma plataforma digital de an&aacute;lise, gest&atilde;o e negocia&ccedil;&atilde;o de ativos financeiros contribui um maior equil&iacute;brio social&nbsp; e aumenta a&nbsp; resili&ecirc;ncia das&nbsp;pessoas, de modo a tomarem decis&otilde;es de poupan&ccedil;a e investimento mais informadas e contribui para o desenvolvimento de uma sociedade com cidades sustent&aacute;veis, criativas e inteligentes.<\/span><\/p><p style=\"font-weight: 400;\"><span style=\"font-weight: 400; font-family: Roboto;\">&nbsp;<\/span><\/p><p style=\"font-weight: 400;\"><span style=\"font-weight: 400; font-family: Roboto;\">Promo&ccedil;&atilde;o de iniciativas de inova&ccedil;&atilde;o social &ndash; Cria&ccedil;&atilde;o e realiza&ccedil;&atilde;o de cursos de Trading com um modelo pedag&oacute;gico inovador que t&ecirc;m como objetivo contribuir para o aumento da literacia financeira junto da comunidade acad&eacute;mica, popula&ccedil;&atilde;o em geral e empresas. Contribui para o aumento do n&iacute;vel de literacia financeira e capacita&ccedil;&atilde;o que inclui p&uacute;blicos como jovens e outros em situa&ccedil;&atilde;o de desvantagem<\/span><\/p><p style=\"font-weight: 400;\"><span style=\"font-weight: 400; font-family: Roboto;\">&nbsp;<\/span><\/p><p style=\"font-weight: 400;\"><span style=\"font-weight: 400; font-family: Roboto;\">Contribuir para melhoria da Qualidade das popula&ccedil;&otilde;es de vida com recurso a:&nbsp;<\/span><\/p><p style=\"font-weight: 400;\"><span style=\"font-weight: 400; font-family: Roboto;\">Promo&ccedil;&atilde;o de a&ccedil;&otilde;es que permitam refor&ccedil;ar a aposta no Turismo de Sa&uacute;de e Bem-Estar: &Eacute; objetivo da L2T que sejam tomadas decis&otilde;es melhor fundamentadas para os clientes conseguirem diminuir o risco e aumentar a rentabilidade dos seus investimentos financeiros e o bem-estar dos utilizadores.<\/span><\/p><p style=\"font-weight: 400;\"><span style=\"font-weight: 400; font-family: Roboto;\">&nbsp;<\/span><\/p><p style=\"font-weight: 400;\"><span style=\"font-weight: 400; font-family: Roboto;\">O anterior alinhamento, comprova igualmente o enquadramento deste projeto na EIDT, no que diz respeito &agrave; &aacute;rea das TICE, contribuindo para a distin&ccedil;&atilde;o desta regi&atilde;o enquanto Smart City\/Aveiro Digital. Reflete-se na incorpora&ccedil;&atilde;o de I&amp;D e TICE na qualidade de vida e inova&ccedil;&atilde;o territorial.&nbsp;<\/span><\/p><p style=\"font-weight: 400;\"><span style=\"font-weight: 400; font-family: Roboto;\">Contribuindo para a melhoria da qualidade de vida e bem-estar das popula&ccedil;&otilde;es, cria&ccedil;&atilde;o de emprego e potenciar o trabalho em rede, promover parcerias entre os diferentes tipos de agentes. Mediante a oferta de forma&ccedil;&atilde;o certificada na &aacute;rea de Trading para o mercado financeiro, decorre em parceria com a Universidade de Aveiro, atrav&eacute;s da UNAVE que &eacute; disponibilizado em formato e-learning e presencial.&nbsp;<\/span><\/p><p style=\"font-weight: 400;\"><span style=\"font-weight: 400; font-family: Roboto;\">&nbsp;<\/span><\/p><p style=\"font-weight: 400;\"><span style=\"font-weight: 400; font-family: Roboto;\">A Learning2Trading pretende criar um cluster na regi&atilde;o de Aveiro sobre a tem&aacute;tica de investimentos financeiros. Assim, a empresa deve contribuir para a diversifica&ccedil;&atilde;o setorial da regi&atilde;o, com uma &aacute;rea de elevado valor acrescentado (Finan&ccedil;as e Investimentos). Desta forma pretendemos que a popula&ccedil;&atilde;o da regi&atilde;o consiga aumentar a qualidade de vida, permitindo melhorar o acesso&nbsp; e o conhecimento das tem&aacute;ticas financeiras.. A partir do Associativismo e parcerias com institui&ccedil;&otilde;es locais (Universidades, escolas, C&acirc;mara Municipal, AIDA e outros) o objetivo &eacute; fomentar uma maior literacia financeira na regi&atilde;o, como tamb&eacute;m colocar a cidade de Aveiro como de tem&aacute;ticas de investimentos.&nbsp;<\/span><\/p><p style=\"font-weight: 400;\"><span style=\"font-weight: 400; font-family: Roboto;\">&nbsp;<\/span><\/p><p style=\"font-weight: 400;\"><span style=\"font-weight: 400; font-family: Roboto;\">Objetivos espec&iacute;ficos:&nbsp;<\/span><\/p><p style=\"font-weight: 400;\"><span style=\"font-weight: 400; font-family: Roboto;\">Promover o empreendedorismo empresarial e social;<\/span><\/p><p style=\"font-weight: 400;\"><span style=\"font-weight: 400; font-family: Roboto;\">Promover a inclus&atilde;o social, a redu&ccedil;&atilde;o da pobreza e o acesso a servi&ccedil;os sociais por parte das popula&ccedil;&otilde;es locais;<\/span><\/p><p style=\"font-weight: 400;\"><span style=\"font-weight: 400; font-family: Roboto;\">Melhorar a forma&ccedil;&atilde;o para o empreendedorismo, a forma&ccedil;&atilde;o e a requalifica&ccedil;&atilde;o profissional e a consciencializa&ccedil;&atilde;o para a preserva&ccedil;&atilde;o ambiental e patrimonial;<\/span><\/p><p style=\"font-weight: 400;\"><span style=\"font-family: Roboto;\"><span style=\"font-weight: 400;\">Promover a coopera&ccedil;&atilde;o interterritorial e transnacional, d<\/span>e modo a estar fortemente alinhado com as Estrat&eacute;gias Regionais e Territoriais.<\/span><\/p><\/div>\n\t\t\t\t<\/div>\n\t\t\t\t<\/div>\n\t\t\t\t\t<\/div>\n\t\t<\/div>\n\t\t\t\t\t\t\t<\/div>\n\t\t<\/section>\n\t\t\t\t\t\t<\/div>\n\t\t\t\t\t<\/div>","protected":false},"excerpt":{"rendered":"<p>Cofinanciado por: Designa&ccedil;&atilde;o do projeto: +CO3SO Emprego Urbano &ndash; AVEIRO SUL C&oacute;digo do projeto: CENTRO-05-4740-FSE-002403 Objetivo principal: Promover a integra&ccedil;&atilde;o social e combater a pobreza e qualquer discrimina&ccedil;&atilde;o Regi&atilde;o de interven&ccedil;&atilde;o: Centro &ndash; Regi&atilde;o de Aveiro &ndash; AVEIRO SUL Entidade benefici&aacute;ria: LEARNING2TRADING, LDA Data de aprova&ccedil;&atilde;o: 1 de julho 2021&nbsp; Data de in&iacute;cio:1 de julho [&hellip;]<\/p>","protected":false},"author":3,"featured_media":0,"parent":0,"menu_order":0,"comment_status":"closed","ping_status":"closed","template":"","meta":{"content-type":"","footnotes":""},"class_list":["post-13910","page","type-page","status-publish","hentry"],"yoast_head":"<!-- This site is optimized with the Yoast SEO Premium plugin v20.0 (Yoast SEO v23.6) - https:\/\/yoast.com\/wordpress\/plugins\/seo\/ -->\n<title>+CO3ESO - Art2Trading<\/title>\n<meta name=\"robots\" content=\"index, follow, max-snippet:-1, max-image-preview:large, max-video-preview:-1\" \/>\n<link rel=\"canonical\" href=\"https:\/\/art2trading.com\/pt\/co3eso\/\" \/>\n<meta property=\"og:locale\" content=\"pt_PT\" \/>\n<meta property=\"og:type\" content=\"article\" \/>\n<meta property=\"og:title\" content=\"+CO3ESO - Art2Trading\" \/>\n<meta property=\"og:description\" content=\"Cofinanciado por: Designa\u00e7\u00e3o do projeto: +CO3SO Emprego Urbano &#8211; AVEIRO SUL C\u00f3digo do projeto: CENTRO-05-4740-FSE-002403 Objetivo principal: Promover a integra\u00e7\u00e3o social e combater a pobreza e qualquer discrimina\u00e7\u00e3o Regi\u00e3o de interven\u00e7\u00e3o: Centro &#8211; Regi\u00e3o de Aveiro &#8211; AVEIRO SUL Entidade benefici\u00e1ria: LEARNING2TRADING, LDA Data de aprova\u00e7\u00e3o: 1 de julho 2021\u00a0 Data de in\u00edcio:1 de julho [&hellip;]\" \/>\n<meta property=\"og:url\" content=\"https:\/\/art2trading.com\/pt\/co3eso\/\" \/>\n<meta property=\"og:site_name\" content=\"Art2Trading\" \/>\n<meta property=\"article:publisher\" content=\"https:\/\/www.facebook.com\/art2trading\" \/>\n<meta property=\"article:modified_time\" content=\"2024-09-26T10:57:07+00:00\" \/>\n<meta property=\"og:image\" content=\"https:\/\/art2trading.com\/wp-content\/uploads\/2024\/09\/POCentro_PT2020_FEDER_BomL2Tp.png\" \/>\n<meta name=\"twitter:card\" content=\"summary_large_image\" \/>\n<meta name=\"twitter:site\" content=\"@Art2Trading\" \/>\n<meta name=\"twitter:label1\" content=\"Tempo estimado de leitura\" \/>\n\t<meta name=\"twitter:data1\" content=\"4 minutos\" \/>\n<script type=\"application\/ld+json\" class=\"yoast-schema-graph\">{\"@context\":\"https:\/\/schema.org\",\"@graph\":[{\"@type\":\"WebPage\",\"@id\":\"https:\/\/art2trading.com\/co3eso\/\",\"url\":\"https:\/\/art2trading.com\/co3eso\/\",\"name\":\"+CO3ESO - Art2Trading\",\"isPartOf\":{\"@id\":\"https:\/\/art2trading.com\/#website\"},\"primaryImageOfPage\":{\"@id\":\"https:\/\/art2trading.com\/co3eso\/#primaryimage\"},\"image\":{\"@id\":\"https:\/\/art2trading.com\/co3eso\/#primaryimage\"},\"thumbnailUrl\":\"https:\/\/art2trading.com\/wp-content\/uploads\/2024\/09\/POCentro_PT2020_FEDER_BomL2Tp.png\",\"datePublished\":\"2024-09-26T10:35:14+00:00\",\"dateModified\":\"2024-09-26T10:57:07+00:00\",\"inLanguage\":\"pt-PT\",\"potentialAction\":[{\"@type\":\"ReadAction\",\"target\":[\"https:\/\/art2trading.com\/co3eso\/\"]}]},{\"@type\":\"ImageObject\",\"inLanguage\":\"pt-PT\",\"@id\":\"https:\/\/art2trading.com\/co3eso\/#primaryimage\",\"url\":\"https:\/\/art2trading.com\/wp-content\/uploads\/2024\/09\/POCentro_PT2020_FEDER_BomL2Tp.png\",\"contentUrl\":\"https:\/\/art2trading.com\/wp-content\/uploads\/2024\/09\/POCentro_PT2020_FEDER_BomL2Tp.png\"},{\"@type\":\"WebSite\",\"@id\":\"https:\/\/art2trading.com\/#website\",\"url\":\"https:\/\/art2trading.com\/\",\"name\":\"Art2Trading\",\"description\":\"AI Trading Solutions for financial markets\",\"publisher\":{\"@id\":\"https:\/\/art2trading.com\/#organization\"},\"potentialAction\":[{\"@type\":\"SearchAction\",\"target\":{\"@type\":\"EntryPoint\",\"urlTemplate\":\"https:\/\/art2trading.com\/?s={search_term_string}\"},\"query-input\":{\"@type\":\"PropertyValueSpecification\",\"valueRequired\":true,\"valueName\":\"search_term_string\"}}],\"inLanguage\":\"pt-PT\"},{\"@type\":\"Organization\",\"@id\":\"https:\/\/art2trading.com\/#organization\",\"name\":\"Art2Trading\",\"url\":\"https:\/\/art2trading.com\/\",\"logo\":{\"@type\":\"ImageObject\",\"inLanguage\":\"pt-PT\",\"@id\":\"https:\/\/art2trading.com\/#\/schema\/logo\/image\/\",\"url\":\"https:\/\/art2trading.com\/wp-content\/uploads\/2021\/10\/Art2Trading-210923B.png\",\"contentUrl\":\"https:\/\/art2trading.com\/wp-content\/uploads\/2021\/10\/Art2Trading-210923B.png\",\"width\":3756,\"height\":768,\"caption\":\"Art2Trading\"},\"image\":{\"@id\":\"https:\/\/art2trading.com\/#\/schema\/logo\/image\/\"},\"sameAs\":[\"https:\/\/www.facebook.com\/art2trading\",\"https:\/\/x.com\/Art2Trading\",\"https:\/\/www.instagram.com\/art2trading\/\",\"https:\/\/www.linkedin.com\/company\/art2trading\/\"]}]}<\/script>\n<!-- \/ Yoast SEO Premium plugin. -->","yoast_head_json":{"title":"+CO3ESO - Art2Trading","robots":{"index":"index","follow":"follow","max-snippet":"max-snippet:-1","max-image-preview":"max-image-preview:large","max-video-preview":"max-video-preview:-1"},"canonical":"https:\/\/art2trading.com\/pt\/co3eso\/","og_locale":"pt_PT","og_type":"article","og_title":"+CO3ESO - Art2Trading","og_description":"Cofinanciado por: Designa\u00e7\u00e3o do projeto: +CO3SO Emprego Urbano &#8211; AVEIRO SUL C\u00f3digo do projeto: CENTRO-05-4740-FSE-002403 Objetivo principal: Promover a integra\u00e7\u00e3o social e combater a pobreza e qualquer discrimina\u00e7\u00e3o Regi\u00e3o de interven\u00e7\u00e3o: Centro &#8211; Regi\u00e3o de Aveiro &#8211; AVEIRO SUL Entidade benefici\u00e1ria: LEARNING2TRADING, LDA Data de aprova\u00e7\u00e3o: 1 de julho 2021\u00a0 Data de in\u00edcio:1 de julho [&hellip;]","og_url":"https:\/\/art2trading.com\/pt\/co3eso\/","og_site_name":"Art2Trading","article_publisher":"https:\/\/www.facebook.com\/art2trading","article_modified_time":"2024-09-26T10:57:07+00:00","og_image":[{"url":"https:\/\/art2trading.com\/wp-content\/uploads\/2024\/09\/POCentro_PT2020_FEDER_BomL2Tp.png"}],"twitter_card":"summary_large_image","twitter_site":"@Art2Trading","twitter_misc":{"Tempo estimado de leitura":"4 minutos"},"schema":{"@context":"https:\/\/schema.org","@graph":[{"@type":"WebPage","@id":"https:\/\/art2trading.com\/co3eso\/","url":"https:\/\/art2trading.com\/co3eso\/","name":"+CO3ESO - Art2Trading","isPartOf":{"@id":"https:\/\/art2trading.com\/#website"},"primaryImageOfPage":{"@id":"https:\/\/art2trading.com\/co3eso\/#primaryimage"},"image":{"@id":"https:\/\/art2trading.com\/co3eso\/#primaryimage"},"thumbnailUrl":"https:\/\/art2trading.com\/wp-content\/uploads\/2024\/09\/POCentro_PT2020_FEDER_BomL2Tp.png","datePublished":"2024-09-26T10:35:14+00:00","dateModified":"2024-09-26T10:57:07+00:00","inLanguage":"pt-PT","potentialAction":[{"@type":"ReadAction","target":["https:\/\/art2trading.com\/co3eso\/"]}]},{"@type":"ImageObject","inLanguage":"pt-PT","@id":"https:\/\/art2trading.com\/co3eso\/#primaryimage","url":"https:\/\/art2trading.com\/wp-content\/uploads\/2024\/09\/POCentro_PT2020_FEDER_BomL2Tp.png","contentUrl":"https:\/\/art2trading.com\/wp-content\/uploads\/2024\/09\/POCentro_PT2020_FEDER_BomL2Tp.png"},{"@type":"WebSite","@id":"https:\/\/art2trading.com\/#website","url":"https:\/\/art2trading.com\/","name":"Art2Trading","description":"AI Trading Solutions for financial markets","publisher":{"@id":"https:\/\/art2trading.com\/#organization"},"potentialAction":[{"@type":"SearchAction","target":{"@type":"EntryPoint","urlTemplate":"https:\/\/art2trading.com\/?s={search_term_string}"},"query-input":{"@type":"PropertyValueSpecification","valueRequired":true,"valueName":"search_term_string"}}],"inLanguage":"pt-PT"},{"@type":"Organization","@id":"https:\/\/art2trading.com\/#organization","name":"Art2Trading","url":"https:\/\/art2trading.com\/","logo":{"@type":"ImageObject","inLanguage":"pt-PT","@id":"https:\/\/art2trading.com\/#\/schema\/logo\/image\/","url":"https:\/\/art2trading.com\/wp-content\/uploads\/2021\/10\/Art2Trading-210923B.png","contentUrl":"https:\/\/art2trading.com\/wp-content\/uploads\/2021\/10\/Art2Trading-210923B.png","width":3756,"height":768,"caption":"Art2Trading"},"image":{"@id":"https:\/\/art2trading.com\/#\/schema\/logo\/image\/"},"sameAs":["https:\/\/www.facebook.com\/art2trading","https:\/\/x.com\/Art2Trading","https:\/\/www.instagram.com\/art2trading\/","https:\/\/www.linkedin.com\/company\/art2trading\/"]}]}},"jetpack_sharing_enabled":true,"jetpack_shortlink":"https:\/\/wp.me\/PdoDwq-3Cm","_links":{"self":[{"href":"https:\/\/art2trading.com\/pt\/wp-json\/wp\/v2\/pages\/13910"}],"collection":[{"href":"https:\/\/art2trading.com\/pt\/wp-json\/wp\/v2\/pages"}],"about":[{"href":"https:\/\/art2trading.com\/pt\/wp-json\/wp\/v2\/types\/page"}],"author":[{"embeddable":true,"href":"https:\/\/art2trading.com\/pt\/wp-json\/wp\/v2\/users\/3"}],"replies":[{"embeddable":true,"href":"https:\/\/art2trading.com\/pt\/wp-json\/wp\/v2\/comments?post=13910"}],"version-history":[{"count":0,"href":"https:\/\/art2trading.com\/pt\/wp-json\/wp\/v2\/pages\/13910\/revisions"}],"wp:attachment":[{"href":"https:\/\/art2trading.com\/pt\/wp-json\/wp\/v2\/media?parent=13910"}],"curies":[{"name":"wp","href":"https:\/\/api.w.org\/{rel}","templated":true}]}}