
{"id":5898,"date":"2016-09-01T07:32:28","date_gmt":"2016-09-01T06:32:28","guid":{"rendered":"http:\/\/modeltheme.com\/mt_konsulting\/?page_id=5898"},"modified":"2024-06-04T10:16:58","modified_gmt":"2024-06-04T09:16:58","slug":"homepage","status":"publish","type":"page","link":"https:\/\/art2trading.com\/pt\/","title":{"rendered":"<p>Art2Trading<\/p>"},"content":{"rendered":"<div data-vc-full-width=\"true\" data-vc-full-width-init=\"false\" data-vc-stretch-content=\"true\" class=\"vc_row wpb_row vc_row-fluid vc_custom_1486990646324 vc_row-no-padding\"><div class=\"wpb_column vc_column_container vc_col-sm-4\"><div class=\"vc_column-inner vc_custom_1460448837235\"><div class=\"wpb_wrapper\"><div class=\"mt--custom_services row\"><div class=\"wow fadeInLeft\"><img decoding=\"async\" src=\"https:\/\/art2trading.com\/wp-content\/uploads\/2018\/11\/Art2T-390x275.png\" data-src=\"https:\/\/art2trading.com\/wp-content\/uploads\/2018\/11\/Art2T-390x275.png\" alt=\"Forma\u00e7\u00e3o\"><div class=\"hover_container\"><div class=\"hover_container_holder\"><p class=\"custom_service_second_title\"><\/p><p class=\"custom_service_description\"><\/p><\/div><\/div><div class=\"hovered_container\" style=\"background-color:#2f3131\"><div class=\"hovered_container_holder\"><i class=\"icon-graduation\"><\/i><p class=\"custom_service_first_title\">Forma\u00e7\u00e3o<\/p><\/div><\/div><\/div><\/div><\/div><\/div><\/div><div class=\"wpb_column vc_column_container vc_col-sm-4\"><div class=\"vc_column-inner vc_custom_1460448841825\"><div class=\"wpb_wrapper\"><div class=\"mt--custom_services row\"><div class=\"wow fadeInUp\"><img decoding=\"async\" src=\"https:\/\/art2trading.com\/wp-content\/uploads\/2018\/11\/Art2T-390x275.png\" data-src=\"https:\/\/art2trading.com\/wp-content\/uploads\/2018\/11\/Art2T-390x275.png\" alt=\"Tools &amp; Analysis\"><div class=\"hover_container\"><div class=\"hover_container_holder\"><p class=\"custom_service_second_title\"><\/p><p class=\"custom_service_description\"><\/p><\/div><\/div><div class=\"hovered_container\" style=\"background-color:#2f3131\"><div class=\"hovered_container_holder\"><i class=\"icon-graph\"><\/i><p class=\"custom_service_first_title\">Ferramentas e An\u00e1lise<\/p><\/div><\/div><\/div><\/div><\/div><\/div><\/div><div class=\"wpb_column vc_column_container vc_col-sm-4\"><div class=\"vc_column-inner vc_custom_1460448848825\"><div class=\"wpb_wrapper\"><div class=\"mt--custom_services row\"><div class=\"wow fadeInRight\"><img decoding=\"async\" src=\"https:\/\/art2trading.com\/wp-content\/uploads\/2018\/11\/Art2T-390x275.png\" data-src=\"https:\/\/art2trading.com\/wp-content\/uploads\/2018\/11\/Art2T-390x275.png\" alt=\"Automa\u00e7\u00e3o\"><div class=\"hover_container\"><div class=\"hover_container_holder\"><p class=\"custom_service_second_title\"><\/p><p class=\"custom_service_description\"><\/p><\/div><\/div><div class=\"hovered_container\" style=\"background-color:#2f3131\"><div class=\"hovered_container_holder\"><i class=\"icon-wallet\"><\/i><p class=\"custom_service_first_title\">Automa\u00e7\u00e3o<\/p><\/div><\/div><\/div><\/div><\/div><\/div><\/div><div class=\"vc_row-full-width vc_clearfix\"><\/div><div data-vc-full-width=\"true\" data-vc-full-width-init=\"false\" class=\"vc_row wpb_row vc_row-fluid vc_custom_1486996439964 vc_row-has-fill\"><div class=\"wpb_column vc_column_container vc_col-sm-12\"><div class=\"vc_column-inner vc_custom_1472126691133\"><div class=\"wpb_wrapper\"><h2 style=\"font-size: 40px;color: #0d1426;line-height: 45px;text-align: center;font-family:Montserrat;font-weight:700;font-style:normal\" class=\"vc_custom_heading\">Desenvolvemos ferramentas para<\/h2><div class=\"vc_empty_space\" style=\"height: 44px\"><span class=\"vc_empty_space_inner\"><\/span><\/div>\n<div class=\"vc_row wpb_row vc_inner vc_row-fluid\"><div class=\"wpb_column vc_column_container vc_col-sm-4\"><div class=\"vc_column-inner\"><div class=\"wpb_wrapper\">\n\t<div class=\"wpb_single_image wpb_content_element vc_align_center  wpb_animate_when_almost_visible wpb_appear appear\">\n\t\t\n\t\t<figure class=\"wpb_wrapper vc_figure\">\n\t\t\t<div class=\"vc_single_image-wrapper   vc_box_border_grey\"><img loading=\"lazy\" decoding=\"async\" class=\"vc_single_image-img\" src=\"https:\/\/art2trading.com\/wp-content\/uploads\/2024\/05\/grafico128-64x64.png\" width=\"64\" height=\"64\" alt=\"grafico128\" title=\"grafico128\"><\/div>\n\t\t<\/figure>\n\t<\/div>\n<h3 style=\"font-size: 18px;color: #0d1426;line-height: 20px;text-align: center;font-family:Roboto;font-weight:400;font-style:normal\" class=\"vc_custom_heading vc_custom_1717492521921\">Traders &amp; Investors<\/h3>\n\t<div class=\"wpb_text_column wpb_content_element  vc_custom_1542401265305\">\n\t\t<div class=\"wpb_wrapper\">\n\t\t\t\n\t\t<\/div>\n\t<\/div>\n<\/div><\/div><\/div><div class=\"wpb_column vc_column_container vc_col-sm-4\"><div class=\"vc_column-inner\"><div class=\"wpb_wrapper\">\n\t<div class=\"wpb_single_image wpb_content_element vc_align_center  wpb_animate_when_almost_visible wpb_appear appear\">\n\t\t\n\t\t<figure class=\"wpb_wrapper vc_figure\">\n\t\t\t<div class=\"vc_single_image-wrapper   vc_box_border_grey\"><img loading=\"lazy\" decoding=\"async\" class=\"vc_single_image-img\" src=\"https:\/\/art2trading.com\/wp-content\/uploads\/2024\/05\/company128-64x64.png\" width=\"64\" height=\"64\" alt=\"company128\" title=\"company128\"><\/div>\n\t\t<\/figure>\n\t<\/div>\n<h3 style=\"font-size: 18px;color: #0d1426;line-height: 20px;text-align: center;font-family:Roboto;font-weight:400;font-style:normal\" class=\"vc_custom_heading vc_custom_1717492551045\">Institui\u00e7\u00f5es, Empresas<br>\ne Produtores Agr\u00edcolas<\/h3>\n\t<div class=\"wpb_text_column wpb_content_element  vc_custom_1542401516901\">\n\t\t<div class=\"wpb_wrapper\">\n\t\t\t\n\t\t<\/div>\n\t<\/div>\n<\/div><\/div><\/div><div class=\"wpb_column vc_column_container vc_col-sm-4\"><div class=\"vc_column-inner\"><div class=\"wpb_wrapper\">\n\t<div class=\"wpb_single_image wpb_content_element vc_align_center  wpb_animate_when_almost_visible wpb_appear appear\">\n\t\t\n\t\t<figure class=\"wpb_wrapper vc_figure\">\n\t\t\t<div class=\"vc_single_image-wrapper   vc_box_border_grey\"><img loading=\"lazy\" decoding=\"async\" class=\"vc_single_image-img\" src=\"https:\/\/art2trading.com\/wp-content\/uploads\/2024\/05\/banco128-64x64.png\" width=\"64\" height=\"64\" alt=\"banco128\" title=\"banco128\"><\/div>\n\t\t<\/figure>\n\t<\/div>\n<h3 style=\"font-size: 18px;color: #0d1426;line-height: 20px;text-align: center;font-family:Roboto;font-weight:400;font-style:normal\" class=\"vc_custom_heading vc_custom_1717492564879\">Institui\u00e7\u00f5es Financeiras<\/h3>\n\t<div class=\"wpb_text_column wpb_content_element  vc_custom_1542401633666\">\n\t\t<div class=\"wpb_wrapper\">\n\t\t\t\n\t\t<\/div>\n\t<\/div>\n<\/div><\/div><\/div><\/div><\/div><\/div><\/div><\/div><div class=\"vc_row-full-width vc_clearfix\"><\/div><div data-vc-full-width=\"true\" data-vc-full-width-init=\"false\" class=\"vc_row wpb_row vc_row-fluid vc_custom_1486995722196\"><div class=\"wpb_column vc_column_container vc_col-sm-12\"><div class=\"vc_column-inner\"><div class=\"wpb_wrapper\"><div class=\"gambit_background_row\" style=\"background-color: #2f3131;background-size: cover;background-position: center;\"><\/div><h2 style=\"font-size: 30px;color: #fec70a;line-height: 35px;text-align: center;font-family:Montserrat;font-weight:700;font-style:normal\" class=\"vc_custom_heading wpb_animate_when_almost_visible wpb_appear appear\">Feito com isen\u00e7\u00e3o, independ\u00eancia e autonomia<\/h2><\/div><\/div><\/div><\/div><div class=\"vc_row-full-width vc_clearfix\"><\/div><div data-vc-full-width=\"true\" data-vc-full-width-init=\"false\" data-vc-stretch-content=\"true\" class=\"vc_row wpb_row vc_row-fluid vc_custom_1486998660405 vc_row-no-padding\"><div class=\"wpb_column vc_column_container vc_col-sm-12\"><div class=\"vc_column-inner vc_custom_1472209219901\"><div class=\"wpb_wrapper\"><\/div><\/div><\/div><\/div><div class=\"vc_row-full-width vc_clearfix\"><\/div><div data-vc-full-width=\"true\" data-vc-full-width-init=\"false\" class=\"vc_row wpb_row vc_row-fluid vc_custom_1486999180357 vc_row-has-fill\"><div class=\"wpb_column vc_column_container vc_col-sm-3\"><div class=\"vc_column-inner\"><div class=\"wpb_wrapper\"><div class=\"stats-block statistics wow fadeInUp\" style=\"border: 2px solid #0d1426\"><div class=\"stats-head\"><p class=\"stat-number skill\" style=\"border-bottom: 2px solid #0d1426\"><img decoding=\"async\" src=\"https:\/\/art2trading.com\/wp-content\/uploads\/2024\/06\/experiencia-de-usuario-2.png\" data-src=\"https:\/\/art2trading.com\/wp-content\/uploads\/2024\/06\/experiencia-de-usuario-2.png\" alt=\"\"><span class=\"skill-count\" style=\"color: #2f3131\">+ 50.000 h<\/span><\/p><\/div><div class=\"stats-content percentage\" data-perc=\"+ 50.000 h\"><p style=\"color: #fec70a\">Experi\u00eancia<\/p><\/div><\/div><\/div><\/div><\/div><div class=\"wpb_column vc_column_container vc_col-sm-3\"><div class=\"vc_column-inner\"><div class=\"wpb_wrapper\"><div class=\"stats-block statistics wow fadeInUp\" style=\"border: 2px solid #0d1426\"><div class=\"stats-head\"><p class=\"stat-number skill\" style=\"border-bottom: 2px solid #0d1426\"><img decoding=\"async\" src=\"https:\/\/art2trading.com\/wp-content\/uploads\/2024\/06\/research-and-development-64.png\" data-src=\"https:\/\/art2trading.com\/wp-content\/uploads\/2024\/06\/research-and-development-64.png\" alt=\"\"><span class=\"skill-count\" style=\"color: #2f3131\">+ 7 years<\/span><\/p><\/div><div class=\"stats-content percentage\" data-perc=\"+ 7 years\"><p style=\"color: #fec70a\">Pesquisa e Desenvolvimento<\/p><\/div><\/div><\/div><\/div><\/div><div class=\"wpb_column vc_column_container vc_col-sm-3\"><div class=\"vc_column-inner\"><div class=\"wpb_wrapper\"><div class=\"stats-block statistics wow fadeInUp\" style=\"border: 2px solid #0d1426\"><div class=\"stats-head\"><p class=\"stat-number skill\" style=\"border-bottom: 2px solid #0d1426\"><img decoding=\"async\" src=\"https:\/\/art2trading.com\/wp-content\/uploads\/2024\/06\/tecnico-1.png\" data-src=\"https:\/\/art2trading.com\/wp-content\/uploads\/2024\/06\/tecnico-1.png\" alt=\"\"><span class=\"skill-count\" style=\"color: #2f3131\">+ 20<\/span><\/p><\/div><div class=\"stats-content percentage\" data-perc=\"+ 20\"><p style=\"color: #fec70a\">Indicadores T\u00e9cnicos<\/p><\/div><\/div><\/div><\/div><\/div><div class=\"wpb_column vc_column_container vc_col-sm-3\"><div class=\"vc_column-inner\"><div class=\"wpb_wrapper\"><div class=\"stats-block statistics wow fadeInUp\" style=\"border: 2px solid #0d1426\"><div class=\"stats-head\"><p class=\"stat-number skill\" style=\"border-bottom: 2px solid #0d1426\"><img decoding=\"async\" src=\"https:\/\/art2trading.com\/wp-content\/uploads\/2024\/06\/robo-1.png\" data-src=\"https:\/\/art2trading.com\/wp-content\/uploads\/2024\/06\/robo-1.png\" alt=\"\"><span class=\"skill-count\" style=\"color: #2f3131\">+ 10<\/span><\/p><\/div><div class=\"stats-content percentage\" data-perc=\"+ 10\"><p style=\"color: #fec70a\">Consultores Especializados<\/p><\/div><\/div><\/div><\/div><\/div><\/div><div class=\"vc_row-full-width vc_clearfix\"><\/div><div data-vc-full-width=\"true\" data-vc-full-width-init=\"false\" class=\"vc_row wpb_row vc_row-fluid vc_custom_1486999195328 vc_row-has-fill\"><div class=\"wpb_column vc_column_container vc_col-sm-12\"><div class=\"vc_column-inner vc_custom_1472715754863\"><div class=\"wpb_wrapper\"><h1 style=\"font-size: 40px;color: #0d1426;line-height: 45px;text-align: center;font-family:Raleway;font-weight:900;font-style:normal\" class=\"vc_custom_heading\"><\/h1><div class=\"vc_empty_space\" style=\"height: 50px\"><span class=\"vc_empty_space_inner\"><\/span><\/div>\n<div class=\"vc_empty_space\" style=\"height: 80px\"><span class=\"vc_empty_space_inner\"><\/span><\/div>\n<\/div><\/div><\/div><\/div><div class=\"vc_row-full-width vc_clearfix\"><\/div><div data-vc-full-width=\"true\" data-vc-full-width-init=\"false\" class=\"vc_row wpb_row vc_row-fluid vc_custom_1487075607064\"><div class=\"wpb_column vc_column_container vc_col-sm-12\"><div class=\"vc_column-inner vc_custom_1487074618618\"><div class=\"wpb_wrapper\"><div class=\"gambit_background_row\" style=\"background-color: #fec70a;background-size: cover;background-position: center;\"><\/div><h2 style=\"font-size: 30px;color: #0d1426;line-height: 35px;text-align: center;font-family:Montserrat;font-weight:700;font-style:normal\" class=\"vc_custom_heading wpb_animate_when_almost_visible wpb_appear appear\">Desenvolvido com IA<\/h2><\/div><\/div><\/div><\/div><div class=\"vc_row-full-width vc_clearfix\"><\/div><\/div>","protected":false},"excerpt":{"rendered":"<p>TrainingTools &amp; AnalysisAutomationWe develop tools for Traders &amp; Investors Institutions, Companies and Agricultural Producers Financials Institutions Made with exemption, autonomy and independence+ 50.000 hExperience+ 7 yearsResearch &amp; Development+ 20technical indicators+ 10expert advisors Powered by AI<\/p>","protected":false},"author":3,"featured_media":0,"parent":0,"menu_order":10,"comment_status":"closed","ping_status":"closed","template":"","meta":{"content-type":"","footnotes":""},"class_list":["post-5898","page","type-page","status-publish","hentry"],"yoast_head":"<!-- This site is optimized with the Yoast SEO Premium plugin v20.0 (Yoast SEO v23.6) - https:\/\/yoast.com\/wordpress\/plugins\/seo\/ -->\n<title>Art2Trading - Art2Trading<\/title>\n<meta name=\"robots\" content=\"index, follow, max-snippet:-1, max-image-preview:large, max-video-preview:-1\" \/>\n<link rel=\"canonical\" href=\"https:\/\/art2trading.com\/pt\/\" \/>\n<meta property=\"og:locale\" content=\"pt_PT\" \/>\n<meta property=\"og:type\" content=\"article\" \/>\n<meta property=\"og:title\" content=\"Art2Trading - Art2Trading\" \/>\n<meta property=\"og:url\" content=\"https:\/\/art2trading.com\/pt\/\" \/>\n<meta property=\"og:site_name\" content=\"Art2Trading\" \/>\n<meta property=\"article:publisher\" content=\"https:\/\/www.facebook.com\/art2trading\" \/>\n<meta property=\"article:modified_time\" content=\"2024-06-04T09:16:58+00:00\" \/>\n<meta name=\"twitter:card\" content=\"summary_large_image\" \/>\n<meta name=\"twitter:site\" content=\"@Art2Trading\" \/>\n<meta name=\"twitter:label1\" content=\"Tempo estimado de leitura\" \/>\n\t<meta name=\"twitter:data1\" content=\"2 minutos\" \/>\n<script type=\"application\/ld+json\" class=\"yoast-schema-graph\">{\"@context\":\"https:\/\/schema.org\",\"@graph\":[{\"@type\":\"WebPage\",\"@id\":\"https:\/\/art2trading.com\/\",\"url\":\"https:\/\/art2trading.com\/\",\"name\":\"Art2Trading - Art2Trading\",\"isPartOf\":{\"@id\":\"https:\/\/art2trading.com\/#website\"},\"datePublished\":\"2016-09-01T06:32:28+00:00\",\"dateModified\":\"2024-06-04T09:16:58+00:00\",\"inLanguage\":\"pt-PT\",\"potentialAction\":[{\"@type\":\"ReadAction\",\"target\":[\"https:\/\/art2trading.com\/\"]}]},{\"@type\":\"WebSite\",\"@id\":\"https:\/\/art2trading.com\/#website\",\"url\":\"https:\/\/art2trading.com\/\",\"name\":\"Art2Trading\",\"description\":\"AI Trading Solutions for financial markets\",\"publisher\":{\"@id\":\"https:\/\/art2trading.com\/#organization\"},\"potentialAction\":[{\"@type\":\"SearchAction\",\"target\":{\"@type\":\"EntryPoint\",\"urlTemplate\":\"https:\/\/art2trading.com\/?s={search_term_string}\"},\"query-input\":{\"@type\":\"PropertyValueSpecification\",\"valueRequired\":true,\"valueName\":\"search_term_string\"}}],\"inLanguage\":\"pt-PT\"},{\"@type\":\"Organization\",\"@id\":\"https:\/\/art2trading.com\/#organization\",\"name\":\"Art2Trading\",\"url\":\"https:\/\/art2trading.com\/\",\"logo\":{\"@type\":\"ImageObject\",\"inLanguage\":\"pt-PT\",\"@id\":\"https:\/\/art2trading.com\/#\/schema\/logo\/image\/\",\"url\":\"https:\/\/art2trading.com\/wp-content\/uploads\/2021\/10\/Art2Trading-210923B.png\",\"contentUrl\":\"https:\/\/art2trading.com\/wp-content\/uploads\/2021\/10\/Art2Trading-210923B.png\",\"width\":3756,\"height\":768,\"caption\":\"Art2Trading\"},\"image\":{\"@id\":\"https:\/\/art2trading.com\/#\/schema\/logo\/image\/\"},\"sameAs\":[\"https:\/\/www.facebook.com\/art2trading\",\"https:\/\/x.com\/Art2Trading\",\"https:\/\/www.instagram.com\/art2trading\/\",\"https:\/\/www.linkedin.com\/company\/art2trading\/\"]}]}<\/script>\n<!-- \/ Yoast SEO Premium plugin. -->","yoast_head_json":{"title":"Art2Trading - Art2Trading","robots":{"index":"index","follow":"follow","max-snippet":"max-snippet:-1","max-image-preview":"max-image-preview:large","max-video-preview":"max-video-preview:-1"},"canonical":"https:\/\/art2trading.com\/pt\/","og_locale":"pt_PT","og_type":"article","og_title":"Art2Trading - Art2Trading","og_url":"https:\/\/art2trading.com\/pt\/","og_site_name":"Art2Trading","article_publisher":"https:\/\/www.facebook.com\/art2trading","article_modified_time":"2024-06-04T09:16:58+00:00","twitter_card":"summary_large_image","twitter_site":"@Art2Trading","twitter_misc":{"Tempo estimado de leitura":"2 minutos"},"schema":{"@context":"https:\/\/schema.org","@graph":[{"@type":"WebPage","@id":"https:\/\/art2trading.com\/","url":"https:\/\/art2trading.com\/","name":"Art2Trading - Art2Trading","isPartOf":{"@id":"https:\/\/art2trading.com\/#website"},"datePublished":"2016-09-01T06:32:28+00:00","dateModified":"2024-06-04T09:16:58+00:00","inLanguage":"pt-PT","potentialAction":[{"@type":"ReadAction","target":["https:\/\/art2trading.com\/"]}]},{"@type":"WebSite","@id":"https:\/\/art2trading.com\/#website","url":"https:\/\/art2trading.com\/","name":"Art2Trading","description":"AI Trading Solutions for financial markets","publisher":{"@id":"https:\/\/art2trading.com\/#organization"},"potentialAction":[{"@type":"SearchAction","target":{"@type":"EntryPoint","urlTemplate":"https:\/\/art2trading.com\/?s={search_term_string}"},"query-input":{"@type":"PropertyValueSpecification","valueRequired":true,"valueName":"search_term_string"}}],"inLanguage":"pt-PT"},{"@type":"Organization","@id":"https:\/\/art2trading.com\/#organization","name":"Art2Trading","url":"https:\/\/art2trading.com\/","logo":{"@type":"ImageObject","inLanguage":"pt-PT","@id":"https:\/\/art2trading.com\/#\/schema\/logo\/image\/","url":"https:\/\/art2trading.com\/wp-content\/uploads\/2021\/10\/Art2Trading-210923B.png","contentUrl":"https:\/\/art2trading.com\/wp-content\/uploads\/2021\/10\/Art2Trading-210923B.png","width":3756,"height":768,"caption":"Art2Trading"},"image":{"@id":"https:\/\/art2trading.com\/#\/schema\/logo\/image\/"},"sameAs":["https:\/\/www.facebook.com\/art2trading","https:\/\/x.com\/Art2Trading","https:\/\/www.instagram.com\/art2trading\/","https:\/\/www.linkedin.com\/company\/art2trading\/"]}]}},"jetpack_sharing_enabled":true,"jetpack_shortlink":"https:\/\/wp.me\/PdoDwq-1x8","_links":{"self":[{"href":"https:\/\/art2trading.com\/pt\/wp-json\/wp\/v2\/pages\/5898"}],"collection":[{"href":"https:\/\/art2trading.com\/pt\/wp-json\/wp\/v2\/pages"}],"about":[{"href":"https:\/\/art2trading.com\/pt\/wp-json\/wp\/v2\/types\/page"}],"author":[{"embeddable":true,"href":"https:\/\/art2trading.com\/pt\/wp-json\/wp\/v2\/users\/3"}],"replies":[{"embeddable":true,"href":"https:\/\/art2trading.com\/pt\/wp-json\/wp\/v2\/comments?post=5898"}],"version-history":[{"count":0,"href":"https:\/\/art2trading.com\/pt\/wp-json\/wp\/v2\/pages\/5898\/revisions"}],"wp:attachment":[{"href":"https:\/\/art2trading.com\/pt\/wp-json\/wp\/v2\/media?parent=5898"}],"curies":[{"name":"wp","href":"https:\/\/api.w.org\/{rel}","templated":true}]}}