
{"id":7867,"date":"2021-12-02T15:34:28","date_gmt":"2021-12-02T15:34:28","guid":{"rendered":"https:\/\/art2trading.com\/?page_id=7867"},"modified":"2023-03-23T12:47:01","modified_gmt":"2023-03-23T12:47:01","slug":"disclaimer-pt-pt","status":"publish","type":"page","link":"https:\/\/art2trading.com\/pt\/legal-documents\/disclaimer\/disclaimer-pt-pt\/","title":{"rendered":"<p>Disclaimer-pt-pt<\/p>"},"content":{"rendered":"<div data-elementor-type=\"wp-page\" data-elementor-id=\"7867\" class=\"elementor elementor-7867\" data-elementor-settings=\"[]\">\n\t\t\t\t\t\t\t<div class=\"elementor-section-wrap\">\n\t\t\t\t\t\t\t<section class=\"elementor-section elementor-top-section elementor-element elementor-element-c2b61fd elementor-section-boxed elementor-section-height-default elementor-section-height-default\" data-id=\"c2b61fd\" data-element_type=\"section\">\n\t\t\t\t\t\t<div class=\"elementor-container elementor-column-gap-default\">\n\t\t\t\t\t<div class=\"elementor-column elementor-col-100 elementor-top-column elementor-element elementor-element-7c24fde\" data-id=\"7c24fde\" data-element_type=\"column\">\n\t\t\t<div class=\"elementor-widget-wrap elementor-element-populated\">\n\t\t\t\t\t\t\t\t<div class=\"elementor-element elementor-element-c561f40 elementor-widget elementor-widget-text-editor\" data-id=\"c561f40\" data-element_type=\"widget\" data-widget_type=\"text-editor.default\">\n\t\t\t\t<div class=\"elementor-widget-container\">\n\t\t\t\t\t<div class=\"elementor-text-editor elementor-clearfix\"><p>&nbsp;<\/p><p>&nbsp;<\/p><p style=\"text-align: center\"><span style=\"font-family: Montserrat;font-size: 48px\"><b>Aviso legal ?Disclaimer?<\/b><\/span><\/p><p>&nbsp;<\/p><p>&nbsp;<\/p><p><span style=\"font-family: Roboto\">N&atilde;o s&atilde;o fornecidos conselhos de investimento.<\/span><\/p><p><span style=\"font-family: Roboto\">A Art2Trading.com n&atilde;o presta servi&ccedil;os de consultoria para investimentos.<\/span><\/p><p><span style=\"font-family: Roboto\">Quaisquer opini&otilde;es, chats, mensagens, not&iacute;cias, pesquisas, an&aacute;lises, pre&ccedil;os ou outras informa&ccedil;&otilde;es e aplica&ccedil;&otilde;es contidas e disponibilizadas no nosso s&iacute;tio web atrav&eacute;s do dom&iacute;nio Art2Trading.com, bem como quaisquer sub dom&iacute;nios dos mesmos, s&atilde;o fornecidos mera como informa&ccedil;&otilde;es gerais de mercado e ou ferramenta de apoio, e tem car&aacute;cter meramente informativo para fins exclusivamente informa&ccedil;&atilde;o, de complemento did&aacute;tico e de lazer, n&atilde;o constituindo consultoria de investimentos, n&atilde;o podendo desencadear, ou justificar, qualquer a&ccedil;&atilde;o ou omiss&atilde;o, sustentar qualquer opera&ccedil;&atilde;o, nem substituir qualquer aferi&ccedil;&atilde;o ou julgamento pr&oacute;prios dos utilizadores, sendo estes inteiramente respons&aacute;veis pelos actos e omiss&otilde;es que adotem, bem como por toda e qualquer opera&ccedil;&atilde;o efetivada e relacionada, ainda que indirecta e remotamente, com os conte&uacute;dos e as ferramentas disponibilizadas.<\/span><\/p><p><span style=\"font-family: Roboto\">Estes endere&ccedil;os web n&atilde;o devem ser responsabilizados subsidiariamente pela falta ou por uma incompleta pesquisa de mercado, realizada de forma independente, que deve anteceder as suas decis&otilde;es de investimento e ou negocia&ccedil;&atilde;o. Opini&otilde;es, informa&ccedil;&otilde;es, dados de mercado, an&aacute;lises, recomenda&ccedil;&otilde;es, aplica&ccedil;&otilde;es disponibilizadas ou qualquer outro conte&uacute;do s&atilde;o pass&iacute;veis de altera&ccedil;&atilde;o a qualquer momento sem aviso pr&eacute;vio.<\/span><\/p><p><span style=\"font-family: Roboto\">A Art2Trading.com n&atilde;o se responsabilizar&aacute; por nenhuma perda ou dano, inclusive, entre outros, lucros cessantes derivados direta ou indiretamente do uso ou da confian&ccedil;a nessas informa&ccedil;&otilde;es, an&aacute;lises gr&aacute;ficas e ou t&eacute;cnicas, aplica&ccedil;&otilde;es, algoritmos e ferramentas disponibilizados.<\/span><\/p><p><span style=\"font-family: Roboto\">N&atilde;o recomendamos o uso de an&aacute;lises gr&aacute;ficas e ou t&eacute;cnicas como &uacute;nica fonte de informa&ccedil;&atilde;o para decis&otilde;es de investimento\/negocia&ccedil;&atilde;o\/trading. N&atilde;o recomendamos decis&otilde;es de trading r&aacute;pido do tipo ?Scalping? que tem uma curta dura&ccedil;&atilde;o e ou realizadas com base em an&aacute;lise de gr&aacute;ficos de velas inferiores a 1 hora e ou trading de alta frequ&ecirc;ncia. Deve sempre entender que O DESEMPENHO OBTIDO NO PASSADO N&Atilde;O &Eacute; NECESSARIAMENTE INDICATIVO OBTEN&Ccedil;&Atilde;O DE IGUAIS RESULTADOS FUTUROS.<\/span><\/p><p>&nbsp;<\/p><p>&nbsp;<\/p><p>&nbsp;<\/p><p><span style=\"font-family: Roboto\">&Uacute;ltima atualiza&ccedil;&atilde;o: 03 de dezembro de 2021<\/span><\/p><\/div>\n\t\t\t\t<\/div>\n\t\t\t\t<\/div>\n\t\t\t\t\t<\/div>\n\t\t<\/div>\n\t\t\t\t\t\t\t<\/div>\n\t\t<\/section>\n\t\t\t\t\t\t<\/div>\n\t\t\t\t\t<\/div>","protected":false},"excerpt":{"rendered":"<p>&nbsp; &nbsp; Aviso legal ?Disclaimer? &nbsp; &nbsp; N&atilde;o s&atilde;o fornecidos conselhos de investimento. A Art2Trading.com n&atilde;o presta servi&ccedil;os de consultoria para investimentos. Quaisquer opini&otilde;es, chats, mensagens, not&iacute;cias, pesquisas, an&aacute;lises, pre&ccedil;os ou outras informa&ccedil;&otilde;es e aplica&ccedil;&otilde;es contidas e disponibilizadas no nosso s&iacute;tio web atrav&eacute;s do dom&iacute;nio Art2Trading.com, bem como quaisquer sub dom&iacute;nios dos mesmos, s&atilde;o fornecidos [&hellip;]<\/p>","protected":false},"author":3,"featured_media":0,"parent":7863,"menu_order":106,"comment_status":"closed","ping_status":"closed","template":"","meta":{"content-type":"","footnotes":""},"class_list":["post-7867","page","type-page","status-publish","hentry"],"yoast_head":"<!-- This site is optimized with the Yoast SEO Premium plugin v20.0 (Yoast SEO v23.6) - https:\/\/yoast.com\/wordpress\/plugins\/seo\/ -->\n<title>Disclaimer-pt-pt - Art2Trading<\/title>\n<meta name=\"robots\" content=\"index, follow, max-snippet:-1, max-image-preview:large, max-video-preview:-1\" \/>\n<link rel=\"canonical\" href=\"https:\/\/art2trading.com\/pt\/legal-documents\/disclaimer\/disclaimer-pt-pt\/\" \/>\n<meta property=\"og:locale\" content=\"pt_PT\" \/>\n<meta property=\"og:type\" content=\"article\" \/>\n<meta property=\"og:title\" content=\"Disclaimer-pt-pt - Art2Trading\" \/>\n<meta property=\"og:description\" content=\"\u00a0 \u00a0 Aviso legal \u201cDisclaimer\u201d \u00a0 \u00a0 N\u00e3o s\u00e3o fornecidos conselhos de investimento. A Art2Trading.com n\u00e3o presta servi\u00e7os de consultoria para investimentos. Quaisquer opini\u00f5es, chats, mensagens, not\u00edcias, pesquisas, an\u00e1lises, pre\u00e7os ou outras informa\u00e7\u00f5es e aplica\u00e7\u00f5es contidas e disponibilizadas no nosso s\u00edtio web atrav\u00e9s do dom\u00ednio Art2Trading.com, bem como quaisquer sub dom\u00ednios dos mesmos, s\u00e3o fornecidos [&hellip;]\" \/>\n<meta property=\"og:url\" content=\"https:\/\/art2trading.com\/pt\/legal-documents\/disclaimer\/disclaimer-pt-pt\/\" \/>\n<meta property=\"og:site_name\" content=\"Art2Trading\" \/>\n<meta property=\"article:publisher\" content=\"https:\/\/www.facebook.com\/art2trading\" \/>\n<meta property=\"article:modified_time\" content=\"2023-03-23T12:47:01+00:00\" \/>\n<meta name=\"twitter:card\" content=\"summary_large_image\" \/>\n<meta name=\"twitter:site\" content=\"@Art2Trading\" \/>\n<meta name=\"twitter:label1\" content=\"Tempo estimado de leitura\" \/>\n\t<meta name=\"twitter:data1\" content=\"2 minutos\" \/>\n<script type=\"application\/ld+json\" class=\"yoast-schema-graph\">{\"@context\":\"https:\/\/schema.org\",\"@graph\":[{\"@type\":\"WebPage\",\"@id\":\"https:\/\/art2trading.com\/legal-documents\/disclaimer\/disclaimer-pt-pt\/\",\"url\":\"https:\/\/art2trading.com\/legal-documents\/disclaimer\/disclaimer-pt-pt\/\",\"name\":\"Disclaimer-pt-pt - Art2Trading\",\"isPartOf\":{\"@id\":\"https:\/\/art2trading.com\/#website\"},\"datePublished\":\"2021-12-02T15:34:28+00:00\",\"dateModified\":\"2023-03-23T12:47:01+00:00\",\"breadcrumb\":{\"@id\":\"https:\/\/art2trading.com\/legal-documents\/disclaimer\/disclaimer-pt-pt\/#breadcrumb\"},\"inLanguage\":\"pt-PT\",\"potentialAction\":[{\"@type\":\"ReadAction\",\"target\":[\"https:\/\/art2trading.com\/legal-documents\/disclaimer\/disclaimer-pt-pt\/\"]}]},{\"@type\":\"BreadcrumbList\",\"@id\":\"https:\/\/art2trading.com\/legal-documents\/disclaimer\/disclaimer-pt-pt\/#breadcrumb\",\"itemListElement\":[{\"@type\":\"ListItem\",\"position\":1,\"name\":\"Legal Documents\",\"item\":\"https:\/\/art2trading.com\/legal-documents\/\"},{\"@type\":\"ListItem\",\"position\":2,\"name\":\"Disclaimer\",\"item\":\"https:\/\/art2trading.com\/legal-documents\/disclaimer\/\"},{\"@type\":\"ListItem\",\"position\":3,\"name\":\"Disclaimer-pt-pt\"}]},{\"@type\":\"WebSite\",\"@id\":\"https:\/\/art2trading.com\/#website\",\"url\":\"https:\/\/art2trading.com\/\",\"name\":\"Art2Trading\",\"description\":\"AI Trading Solutions for financial markets\",\"publisher\":{\"@id\":\"https:\/\/art2trading.com\/#organization\"},\"potentialAction\":[{\"@type\":\"SearchAction\",\"target\":{\"@type\":\"EntryPoint\",\"urlTemplate\":\"https:\/\/art2trading.com\/?s={search_term_string}\"},\"query-input\":{\"@type\":\"PropertyValueSpecification\",\"valueRequired\":true,\"valueName\":\"search_term_string\"}}],\"inLanguage\":\"pt-PT\"},{\"@type\":\"Organization\",\"@id\":\"https:\/\/art2trading.com\/#organization\",\"name\":\"Art2Trading\",\"url\":\"https:\/\/art2trading.com\/\",\"logo\":{\"@type\":\"ImageObject\",\"inLanguage\":\"pt-PT\",\"@id\":\"https:\/\/art2trading.com\/#\/schema\/logo\/image\/\",\"url\":\"https:\/\/art2trading.com\/wp-content\/uploads\/2021\/10\/Art2Trading-210923B.png\",\"contentUrl\":\"https:\/\/art2trading.com\/wp-content\/uploads\/2021\/10\/Art2Trading-210923B.png\",\"width\":3756,\"height\":768,\"caption\":\"Art2Trading\"},\"image\":{\"@id\":\"https:\/\/art2trading.com\/#\/schema\/logo\/image\/\"},\"sameAs\":[\"https:\/\/www.facebook.com\/art2trading\",\"https:\/\/x.com\/Art2Trading\",\"https:\/\/www.instagram.com\/art2trading\/\",\"https:\/\/www.linkedin.com\/company\/art2trading\/\"]}]}<\/script>\n<!-- \/ Yoast SEO Premium plugin. -->","yoast_head_json":{"title":"Disclaimer-pt-pt - Art2Trading","robots":{"index":"index","follow":"follow","max-snippet":"max-snippet:-1","max-image-preview":"max-image-preview:large","max-video-preview":"max-video-preview:-1"},"canonical":"https:\/\/art2trading.com\/pt\/legal-documents\/disclaimer\/disclaimer-pt-pt\/","og_locale":"pt_PT","og_type":"article","og_title":"Disclaimer-pt-pt - Art2Trading","og_description":"\u00a0 \u00a0 Aviso legal \u201cDisclaimer\u201d \u00a0 \u00a0 N\u00e3o s\u00e3o fornecidos conselhos de investimento. A Art2Trading.com n\u00e3o presta servi\u00e7os de consultoria para investimentos. Quaisquer opini\u00f5es, chats, mensagens, not\u00edcias, pesquisas, an\u00e1lises, pre\u00e7os ou outras informa\u00e7\u00f5es e aplica\u00e7\u00f5es contidas e disponibilizadas no nosso s\u00edtio web atrav\u00e9s do dom\u00ednio Art2Trading.com, bem como quaisquer sub dom\u00ednios dos mesmos, s\u00e3o fornecidos [&hellip;]","og_url":"https:\/\/art2trading.com\/pt\/legal-documents\/disclaimer\/disclaimer-pt-pt\/","og_site_name":"Art2Trading","article_publisher":"https:\/\/www.facebook.com\/art2trading","article_modified_time":"2023-03-23T12:47:01+00:00","twitter_card":"summary_large_image","twitter_site":"@Art2Trading","twitter_misc":{"Tempo estimado de leitura":"2 minutos"},"schema":{"@context":"https:\/\/schema.org","@graph":[{"@type":"WebPage","@id":"https:\/\/art2trading.com\/legal-documents\/disclaimer\/disclaimer-pt-pt\/","url":"https:\/\/art2trading.com\/legal-documents\/disclaimer\/disclaimer-pt-pt\/","name":"Disclaimer-pt-pt - Art2Trading","isPartOf":{"@id":"https:\/\/art2trading.com\/#website"},"datePublished":"2021-12-02T15:34:28+00:00","dateModified":"2023-03-23T12:47:01+00:00","breadcrumb":{"@id":"https:\/\/art2trading.com\/legal-documents\/disclaimer\/disclaimer-pt-pt\/#breadcrumb"},"inLanguage":"pt-PT","potentialAction":[{"@type":"ReadAction","target":["https:\/\/art2trading.com\/legal-documents\/disclaimer\/disclaimer-pt-pt\/"]}]},{"@type":"BreadcrumbList","@id":"https:\/\/art2trading.com\/legal-documents\/disclaimer\/disclaimer-pt-pt\/#breadcrumb","itemListElement":[{"@type":"ListItem","position":1,"name":"Legal Documents","item":"https:\/\/art2trading.com\/legal-documents\/"},{"@type":"ListItem","position":2,"name":"Disclaimer","item":"https:\/\/art2trading.com\/legal-documents\/disclaimer\/"},{"@type":"ListItem","position":3,"name":"Disclaimer-pt-pt"}]},{"@type":"WebSite","@id":"https:\/\/art2trading.com\/#website","url":"https:\/\/art2trading.com\/","name":"Art2Trading","description":"AI Trading Solutions for financial markets","publisher":{"@id":"https:\/\/art2trading.com\/#organization"},"potentialAction":[{"@type":"SearchAction","target":{"@type":"EntryPoint","urlTemplate":"https:\/\/art2trading.com\/?s={search_term_string}"},"query-input":{"@type":"PropertyValueSpecification","valueRequired":true,"valueName":"search_term_string"}}],"inLanguage":"pt-PT"},{"@type":"Organization","@id":"https:\/\/art2trading.com\/#organization","name":"Art2Trading","url":"https:\/\/art2trading.com\/","logo":{"@type":"ImageObject","inLanguage":"pt-PT","@id":"https:\/\/art2trading.com\/#\/schema\/logo\/image\/","url":"https:\/\/art2trading.com\/wp-content\/uploads\/2021\/10\/Art2Trading-210923B.png","contentUrl":"https:\/\/art2trading.com\/wp-content\/uploads\/2021\/10\/Art2Trading-210923B.png","width":3756,"height":768,"caption":"Art2Trading"},"image":{"@id":"https:\/\/art2trading.com\/#\/schema\/logo\/image\/"},"sameAs":["https:\/\/www.facebook.com\/art2trading","https:\/\/x.com\/Art2Trading","https:\/\/www.instagram.com\/art2trading\/","https:\/\/www.linkedin.com\/company\/art2trading\/"]}]}},"jetpack_sharing_enabled":true,"jetpack_shortlink":"https:\/\/wp.me\/PdoDwq-22T","_links":{"self":[{"href":"https:\/\/art2trading.com\/pt\/wp-json\/wp\/v2\/pages\/7867"}],"collection":[{"href":"https:\/\/art2trading.com\/pt\/wp-json\/wp\/v2\/pages"}],"about":[{"href":"https:\/\/art2trading.com\/pt\/wp-json\/wp\/v2\/types\/page"}],"author":[{"embeddable":true,"href":"https:\/\/art2trading.com\/pt\/wp-json\/wp\/v2\/users\/3"}],"replies":[{"embeddable":true,"href":"https:\/\/art2trading.com\/pt\/wp-json\/wp\/v2\/comments?post=7867"}],"version-history":[{"count":0,"href":"https:\/\/art2trading.com\/pt\/wp-json\/wp\/v2\/pages\/7867\/revisions"}],"up":[{"embeddable":true,"href":"https:\/\/art2trading.com\/pt\/wp-json\/wp\/v2\/pages\/7863"}],"wp:attachment":[{"href":"https:\/\/art2trading.com\/pt\/wp-json\/wp\/v2\/media?parent=7867"}],"curies":[{"name":"wp","href":"https:\/\/api.w.org\/{rel}","templated":true}]}}