
{"id":7875,"date":"2021-12-02T16:03:11","date_gmt":"2021-12-02T16:03:11","guid":{"rendered":"https:\/\/art2trading.com\/?page_id=7875"},"modified":"2023-03-23T17:28:51","modified_gmt":"2023-03-23T17:28:51","slug":"disclaimer-en-uk","status":"publish","type":"page","link":"https:\/\/art2trading.com\/pt\/legal-documents\/disclaimer\/disclaimer-en-uk\/","title":{"rendered":"<p>Disclaimer-en-uk<\/p>"},"content":{"rendered":"<div data-elementor-type=\"wp-page\" data-elementor-id=\"7875\" class=\"elementor elementor-7875\" data-elementor-settings=\"[]\">\n\t\t\t\t\t\t\t<div class=\"elementor-section-wrap\">\n\t\t\t\t\t\t\t<section class=\"elementor-section elementor-top-section elementor-element elementor-element-c2b61fd elementor-section-boxed elementor-section-height-default elementor-section-height-default\" data-id=\"c2b61fd\" data-element_type=\"section\">\n\t\t\t\t\t\t<div class=\"elementor-container elementor-column-gap-default\">\n\t\t\t\t\t<div class=\"elementor-column elementor-col-100 elementor-top-column elementor-element elementor-element-7c24fde\" data-id=\"7c24fde\" data-element_type=\"column\">\n\t\t\t<div class=\"elementor-widget-wrap elementor-element-populated\">\n\t\t\t\t\t\t\t\t<div class=\"elementor-element elementor-element-b0a7c2d elementor-widget elementor-widget-text-editor\" data-id=\"b0a7c2d\" data-element_type=\"widget\" data-widget_type=\"text-editor.default\">\n\t\t\t\t<div class=\"elementor-widget-container\">\n\t\t\t\t\t<div class=\"elementor-text-editor elementor-clearfix\"><p>&nbsp;<\/p><p>&nbsp;<\/p><p style=\"text-align: center\"><span style=\"font-family: Montserrat;font-size: 48px\"><b>Aviso Legal (Disclaimer)<\/b><\/span><\/p><p>&nbsp;<\/p><p>&nbsp;<\/p><p><span style=\"font-family: Roboto\">N\u00e3o s\u00e3o fornecidos conselhos de investimento.<\/span><\/p><p><span style=\"font-family: Roboto\">A Art2Trading.com n\u00e3o presta servi\u00e7os de consultoria para investimentos.<\/span><\/p><p><span style=\"font-family: Roboto\">Any opinions, chats, messages, news, research, analysis, prices, or other information or applications posted on our website via the domain Art2Trading.com and its subdomains are provided as general market information and\/or resources only and are for informational, educational and recreational purposes only. They do not constitute investment advice and cannot give rise to or justify any action or omission, support any transaction, nor substitute for the users&rsquo; own judgment or judgement, who are fully responsible for all actions and omissions made by them, as well as for all transactions carried out and associated with the content and tools provided, even if indirectly and remotely.<\/span><\/p><p><span style=\"font-family: Roboto\">Estes endere\u00e7os web n\u00e3o devem ser responsabilizados subsidiariamente pela falta ou por uma incompleta pesquisa de mercado, realizada de forma independente, que deve anteceder as suas decis\u00f5es de investimento e ou negocia\u00e7\u00e3o. Opini\u00f5es, informa\u00e7\u00f5es, dados de mercado, an\u00e1lises, recomenda\u00e7\u00f5es, aplica\u00e7\u00f5es disponibilizadas ou qualquer outro conte\u00fado s\u00e3o pass\u00edveis de altera\u00e7\u00e3o a qualquer momento sem aviso pr\u00e9vio.<\/span><\/p><p><span style=\"font-family: Roboto\">A Art2Trading.com n\u00e3o se responsabilizar\u00e1 por nenhuma perda ou dano, inclusive, entre outros, lucros cessantes derivados direta ou indiretamente do uso ou da confian\u00e7a nessas informa\u00e7\u00f5es, an\u00e1lises gr\u00e1ficas e ou t\u00e9cnicas, aplica\u00e7\u00f5es, algoritmos e ferramentas disponibilizados.<\/span><\/p><p><span style=\"font-family: Roboto\">We discourage using graphical and\/or technical analysis as the sole source of information for investment\/trading decisions. We advise against making quick trading decisions of&rdquo;Scalping&rdquo; type which have a short duration and\/or are based on candlestick chart analysis of less than 1 hour, as well as high-frequency trading. YOU SHOULD ALWAYS BE AWARE THAT PAST PERFORMANCE IS NOT NECESSARILY AN INDICATOR OF EQUIVALENT FUTURE RESULTS.<\/span><\/p><\/div>\n\t\t\t\t<\/div>\n\t\t\t\t<\/div>\n\t\t\t\t\t<\/div>\n\t\t<\/div>\n\t\t\t\t\t\t\t<\/div>\n\t\t<\/section>\n\t\t\t\t\t\t<\/div>\n\t\t\t\t\t<\/div>","protected":false},"excerpt":{"rendered":"<p>Disclaimer No investment advice is provided. Art2Trading.com does not provide investment advisory services. Any opinions, chats, messages, news, research, analysis, prices, or other information or applications posted on our website via the domain Art2Trading.com and its subdomains are provided as general market information and\/or resources only and are for informational, educational and recreational purposes only. [&hellip;]<\/p>","protected":false},"author":3,"featured_media":0,"parent":7863,"menu_order":105,"comment_status":"closed","ping_status":"closed","template":"","meta":{"content-type":"","footnotes":""},"class_list":["post-7875","page","type-page","status-publish","hentry"],"yoast_head":"<!-- This site is optimized with the Yoast SEO Premium plugin v20.0 (Yoast SEO v23.6) - https:\/\/yoast.com\/wordpress\/plugins\/seo\/ -->\n<title>Disclaimer-en-uk - Art2Trading<\/title>\n<meta name=\"robots\" content=\"index, follow, max-snippet:-1, max-image-preview:large, max-video-preview:-1\" \/>\n<link rel=\"canonical\" href=\"https:\/\/art2trading.com\/pt\/legal-documents\/disclaimer\/disclaimer-en-uk\/\" \/>\n<meta property=\"og:locale\" content=\"pt_PT\" \/>\n<meta property=\"og:type\" content=\"article\" \/>\n<meta property=\"og:title\" content=\"Disclaimer-en-uk - Art2Trading\" \/>\n<meta property=\"og:description\" content=\"Disclaimer No investment advice is provided. Art2Trading.com does not provide investment advisory services. Any opinions, chats, messages, news, research, analysis, prices, or other information or applications posted on our website via the domain Art2Trading.com and its subdomains are provided as general market information and\/or resources only and are for informational, educational and recreational purposes only. [&hellip;]\" \/>\n<meta property=\"og:url\" content=\"https:\/\/art2trading.com\/pt\/legal-documents\/disclaimer\/disclaimer-en-uk\/\" \/>\n<meta property=\"og:site_name\" content=\"Art2Trading\" \/>\n<meta property=\"article:publisher\" content=\"https:\/\/www.facebook.com\/art2trading\" \/>\n<meta property=\"article:modified_time\" content=\"2023-03-23T17:28:51+00:00\" \/>\n<meta name=\"twitter:card\" content=\"summary_large_image\" \/>\n<meta name=\"twitter:site\" content=\"@Art2Trading\" \/>\n<meta name=\"twitter:label1\" content=\"Tempo estimado de leitura\" \/>\n\t<meta name=\"twitter:data1\" content=\"2 minutos\" \/>\n<script type=\"application\/ld+json\" class=\"yoast-schema-graph\">{\"@context\":\"https:\/\/schema.org\",\"@graph\":[{\"@type\":\"WebPage\",\"@id\":\"https:\/\/art2trading.com\/legal-documents\/disclaimer\/disclaimer-en-uk\/\",\"url\":\"https:\/\/art2trading.com\/legal-documents\/disclaimer\/disclaimer-en-uk\/\",\"name\":\"Disclaimer-en-uk - Art2Trading\",\"isPartOf\":{\"@id\":\"https:\/\/art2trading.com\/#website\"},\"datePublished\":\"2021-12-02T16:03:11+00:00\",\"dateModified\":\"2023-03-23T17:28:51+00:00\",\"breadcrumb\":{\"@id\":\"https:\/\/art2trading.com\/legal-documents\/disclaimer\/disclaimer-en-uk\/#breadcrumb\"},\"inLanguage\":\"pt-PT\",\"potentialAction\":[{\"@type\":\"ReadAction\",\"target\":[\"https:\/\/art2trading.com\/legal-documents\/disclaimer\/disclaimer-en-uk\/\"]}]},{\"@type\":\"BreadcrumbList\",\"@id\":\"https:\/\/art2trading.com\/legal-documents\/disclaimer\/disclaimer-en-uk\/#breadcrumb\",\"itemListElement\":[{\"@type\":\"ListItem\",\"position\":1,\"name\":\"Legal Documents\",\"item\":\"https:\/\/art2trading.com\/legal-documents\/\"},{\"@type\":\"ListItem\",\"position\":2,\"name\":\"Disclaimer\",\"item\":\"https:\/\/art2trading.com\/legal-documents\/disclaimer\/\"},{\"@type\":\"ListItem\",\"position\":3,\"name\":\"Disclaimer-en-uk\"}]},{\"@type\":\"WebSite\",\"@id\":\"https:\/\/art2trading.com\/#website\",\"url\":\"https:\/\/art2trading.com\/\",\"name\":\"Art2Trading\",\"description\":\"AI Trading Solutions for financial markets\",\"publisher\":{\"@id\":\"https:\/\/art2trading.com\/#organization\"},\"potentialAction\":[{\"@type\":\"SearchAction\",\"target\":{\"@type\":\"EntryPoint\",\"urlTemplate\":\"https:\/\/art2trading.com\/?s={search_term_string}\"},\"query-input\":{\"@type\":\"PropertyValueSpecification\",\"valueRequired\":true,\"valueName\":\"search_term_string\"}}],\"inLanguage\":\"pt-PT\"},{\"@type\":\"Organization\",\"@id\":\"https:\/\/art2trading.com\/#organization\",\"name\":\"Art2Trading\",\"url\":\"https:\/\/art2trading.com\/\",\"logo\":{\"@type\":\"ImageObject\",\"inLanguage\":\"pt-PT\",\"@id\":\"https:\/\/art2trading.com\/#\/schema\/logo\/image\/\",\"url\":\"https:\/\/art2trading.com\/wp-content\/uploads\/2021\/10\/Art2Trading-210923B.png\",\"contentUrl\":\"https:\/\/art2trading.com\/wp-content\/uploads\/2021\/10\/Art2Trading-210923B.png\",\"width\":3756,\"height\":768,\"caption\":\"Art2Trading\"},\"image\":{\"@id\":\"https:\/\/art2trading.com\/#\/schema\/logo\/image\/\"},\"sameAs\":[\"https:\/\/www.facebook.com\/art2trading\",\"https:\/\/x.com\/Art2Trading\",\"https:\/\/www.instagram.com\/art2trading\/\",\"https:\/\/www.linkedin.com\/company\/art2trading\/\"]}]}<\/script>\n<!-- \/ Yoast SEO Premium plugin. -->","yoast_head_json":{"title":"Disclaimer-en-uk - Art2Trading","robots":{"index":"index","follow":"follow","max-snippet":"max-snippet:-1","max-image-preview":"max-image-preview:large","max-video-preview":"max-video-preview:-1"},"canonical":"https:\/\/art2trading.com\/pt\/legal-documents\/disclaimer\/disclaimer-en-uk\/","og_locale":"pt_PT","og_type":"article","og_title":"Disclaimer-en-uk - Art2Trading","og_description":"Disclaimer No investment advice is provided. Art2Trading.com does not provide investment advisory services. Any opinions, chats, messages, news, research, analysis, prices, or other information or applications posted on our website via the domain Art2Trading.com and its subdomains are provided as general market information and\/or resources only and are for informational, educational and recreational purposes only. [&hellip;]","og_url":"https:\/\/art2trading.com\/pt\/legal-documents\/disclaimer\/disclaimer-en-uk\/","og_site_name":"Art2Trading","article_publisher":"https:\/\/www.facebook.com\/art2trading","article_modified_time":"2023-03-23T17:28:51+00:00","twitter_card":"summary_large_image","twitter_site":"@Art2Trading","twitter_misc":{"Tempo estimado de leitura":"2 minutos"},"schema":{"@context":"https:\/\/schema.org","@graph":[{"@type":"WebPage","@id":"https:\/\/art2trading.com\/legal-documents\/disclaimer\/disclaimer-en-uk\/","url":"https:\/\/art2trading.com\/legal-documents\/disclaimer\/disclaimer-en-uk\/","name":"Disclaimer-en-uk - Art2Trading","isPartOf":{"@id":"https:\/\/art2trading.com\/#website"},"datePublished":"2021-12-02T16:03:11+00:00","dateModified":"2023-03-23T17:28:51+00:00","breadcrumb":{"@id":"https:\/\/art2trading.com\/legal-documents\/disclaimer\/disclaimer-en-uk\/#breadcrumb"},"inLanguage":"pt-PT","potentialAction":[{"@type":"ReadAction","target":["https:\/\/art2trading.com\/legal-documents\/disclaimer\/disclaimer-en-uk\/"]}]},{"@type":"BreadcrumbList","@id":"https:\/\/art2trading.com\/legal-documents\/disclaimer\/disclaimer-en-uk\/#breadcrumb","itemListElement":[{"@type":"ListItem","position":1,"name":"Legal Documents","item":"https:\/\/art2trading.com\/legal-documents\/"},{"@type":"ListItem","position":2,"name":"Disclaimer","item":"https:\/\/art2trading.com\/legal-documents\/disclaimer\/"},{"@type":"ListItem","position":3,"name":"Disclaimer-en-uk"}]},{"@type":"WebSite","@id":"https:\/\/art2trading.com\/#website","url":"https:\/\/art2trading.com\/","name":"Art2Trading","description":"AI Trading Solutions for financial markets","publisher":{"@id":"https:\/\/art2trading.com\/#organization"},"potentialAction":[{"@type":"SearchAction","target":{"@type":"EntryPoint","urlTemplate":"https:\/\/art2trading.com\/?s={search_term_string}"},"query-input":{"@type":"PropertyValueSpecification","valueRequired":true,"valueName":"search_term_string"}}],"inLanguage":"pt-PT"},{"@type":"Organization","@id":"https:\/\/art2trading.com\/#organization","name":"Art2Trading","url":"https:\/\/art2trading.com\/","logo":{"@type":"ImageObject","inLanguage":"pt-PT","@id":"https:\/\/art2trading.com\/#\/schema\/logo\/image\/","url":"https:\/\/art2trading.com\/wp-content\/uploads\/2021\/10\/Art2Trading-210923B.png","contentUrl":"https:\/\/art2trading.com\/wp-content\/uploads\/2021\/10\/Art2Trading-210923B.png","width":3756,"height":768,"caption":"Art2Trading"},"image":{"@id":"https:\/\/art2trading.com\/#\/schema\/logo\/image\/"},"sameAs":["https:\/\/www.facebook.com\/art2trading","https:\/\/x.com\/Art2Trading","https:\/\/www.instagram.com\/art2trading\/","https:\/\/www.linkedin.com\/company\/art2trading\/"]}]}},"jetpack_sharing_enabled":true,"jetpack_shortlink":"https:\/\/wp.me\/PdoDwq-231","_links":{"self":[{"href":"https:\/\/art2trading.com\/pt\/wp-json\/wp\/v2\/pages\/7875"}],"collection":[{"href":"https:\/\/art2trading.com\/pt\/wp-json\/wp\/v2\/pages"}],"about":[{"href":"https:\/\/art2trading.com\/pt\/wp-json\/wp\/v2\/types\/page"}],"author":[{"embeddable":true,"href":"https:\/\/art2trading.com\/pt\/wp-json\/wp\/v2\/users\/3"}],"replies":[{"embeddable":true,"href":"https:\/\/art2trading.com\/pt\/wp-json\/wp\/v2\/comments?post=7875"}],"version-history":[{"count":0,"href":"https:\/\/art2trading.com\/pt\/wp-json\/wp\/v2\/pages\/7875\/revisions"}],"up":[{"embeddable":true,"href":"https:\/\/art2trading.com\/pt\/wp-json\/wp\/v2\/pages\/7863"}],"wp:attachment":[{"href":"https:\/\/art2trading.com\/pt\/wp-json\/wp\/v2\/media?parent=7875"}],"curies":[{"name":"wp","href":"https:\/\/api.w.org\/{rel}","templated":true}]}}