
{"id":7881,"date":"2021-12-02T18:30:37","date_gmt":"2021-12-02T18:30:37","guid":{"rendered":"https:\/\/art2trading.com\/?page_id=7881"},"modified":"2023-03-23T17:37:25","modified_gmt":"2023-03-23T17:37:25","slug":"privacy-policy","status":"publish","type":"page","link":"https:\/\/art2trading.com\/pt\/legal-documents\/privacy-policy\/","title":{"rendered":"<p>Pol\u00edtica de Privacidade<\/p>"},"content":{"rendered":"<div data-elementor-type=\"wp-page\" data-elementor-id=\"7881\" class=\"elementor elementor-7881\" data-elementor-settings=\"[]\">\n\t\t\t\t\t\t\t<div class=\"elementor-section-wrap\">\n\t\t\t\t\t\t\t<section class=\"elementor-section elementor-top-section elementor-element elementor-element-5a5712b elementor-section-boxed elementor-section-height-default elementor-section-height-default\" data-id=\"5a5712b\" data-element_type=\"section\">\n\t\t\t\t\t\t<div class=\"elementor-container elementor-column-gap-default\">\n\t\t\t\t\t<div class=\"elementor-column elementor-col-100 elementor-top-column elementor-element elementor-element-d59cbec\" data-id=\"d59cbec\" data-element_type=\"column\">\n\t\t\t<div class=\"elementor-widget-wrap elementor-element-populated\">\n\t\t\t\t\t\t\t\t<div class=\"elementor-element elementor-element-03b16c6 elementor-widget elementor-widget-text-editor\" data-id=\"03b16c6\" data-element_type=\"widget\" data-widget_type=\"text-editor.default\">\n\t\t\t\t<div class=\"elementor-widget-container\">\n\t\t\t\t\t<div class=\"elementor-text-editor elementor-clearfix\"><p>&nbsp;<\/p><p>&nbsp;<\/p><p style=\"text-align: center\"><span style=\"font-size: 48px\"><strong><span style=\"font-family: Montserrat\">Pol\u00edtica de Privacidade<\/span><\/strong><\/span><\/p><p>&nbsp;<\/p><p>&nbsp;<\/p><p><strong><span style=\"font-family: Roboto;font-size: 16px\">A aceita\u00e7\u00e3o da presente pol\u00edtica de privacidade determina o consentimento para tratamento dos seus dados nos precisos termos e condi\u00e7\u00f5es em que os mesmos se encontram expressos.<\/span><\/strong><\/p><p><strong><span style=\"font-family: Roboto;font-size: 16px;color: #333333\">Leia atentamente estas condi\u00e7\u00f5es e no caso de n\u00e3o consentir na sua utiliza\u00e7\u00e3o n\u00e3o a aceite.<\/span><\/strong><\/p><p><span style=\"font-family: Roboto;font-size: 16px\">Law No. 58\/2019 of 8 August 2019 and the General Data Protection Regulation (Regulation (EU) 2016\/679 of the European Parliament and of the Council of 27 April 2016, hereinafter ?RGPD?) ensure the protection of natural persons with regard to the processing of personal data and the free movement of such data.<\/span><\/p><p><strong><span style=\"font-family: Roboto;font-size: 16px\">Responsabilidade pelo tratamento dos dados<\/span><\/strong><br><span style=\"font-family: Roboto;font-size: 16px\">Learning2Trading, Lda, headquartered at the University Campus of Santiago ? Gl&oacute;ria, Building 1 ? Aveiro 3810-168 in Aveiro, legal person with NIPC 514685565 is the entity responsible for the processing of your personal data collected or made available on this platform.<\/span><\/p><p><strong><span style=\"font-family: Roboto;font-size: 16px\">Responsabilidade pela introdu\u00e7\u00e3o de dados pessoais<\/span><\/strong><br><span style=\"font-family: Roboto;font-size: 16px\">Ao introduzir os seus dados pessoais para registo na plataforma Art2Trading.com, a Learning2Trading, Lda est\u00e1 a assumir que \u00e9 o leg\u00edtimo titular dos mesmos ou que o faz com o expresso e pr\u00e9vio consentimento dos respetivos titulares.<\/span><\/p><p><strong><span style=\"font-family: Roboto;font-size: 16px\">Dados recolhidos, finalidades, obrigatoriedade e fundamento<\/span><\/strong><br><span style=\"font-family: Roboto;font-size: 16px\">Os dados recolhidos no formul\u00e1rio de inscri\u00e7\u00e3o na plataforma ser\u00e3o tratados apenas de acordo com a presente pol\u00edtica de privacidade para as finalidades infra descritas e com fundamento jur\u00eddico na execu\u00e7\u00e3o do contrato (Termos e Condi\u00e7\u00f5es).<\/span><\/p><p><span style=\"font-family: Roboto;font-size: 16px\">Para registo na plataforma, dever\u00e1 preencher o formul\u00e1rio dispon\u00edvel no endere\u00e7o www.art2trading.com Para o registo de utilizador do site deve obrigatoriamente introduzir o seu pa\u00eds de resid\u00eancia, seu nome de utilizador, nome, apelido, correio eletr\u00f3nico, senha e de forma opcional o seu n\u00ba de telefone.<\/span><\/p><p><span style=\"font-family: Roboto;font-size: 16px\">As finalidades a que se destinam os dados recolhidos neste formul\u00e1rio s\u00e3o as seguintes: registo como utilizador das an\u00e1lises t\u00e9cnicas, comunica\u00e7\u00e3o com clientes e esclarecimento de d\u00favidas; comunica\u00e7\u00e3o de marketing direto (se consentido pelos titulares dos dados); atividade de an\u00e1lise estat\u00edstica.<\/span><\/p><p><strong><span style=\"font-family: Roboto;font-size: 16px\">Destinat\u00e1rios dos dados<\/span><\/strong><br><span style=\"font-family: Roboto;font-size: 16px\">Os dados recolhidos ser\u00e3o processados automaticamente, nos termos aprovados pela Comiss\u00e3o Nacional de Prote\u00e7\u00e3o de Dados e n\u00e3o ser\u00e3o comunicados a terceiros. Todavia poder\u00e3o ser enviados a entidades subcontratadas ou parceiros da Learning2Trading, Lda. quer para cumprimento de obriga\u00e7\u00f5es legais ou de tratamento de dados.<\/span><\/p><p><span style=\"font-family: Roboto;font-size: 16px\">O armazenamento de dados ser\u00e1 feito pela OVH HOSTING; esta \u00e9 uma entidade que respeita a legisla\u00e7\u00e3o portuguesa de prote\u00e7\u00e3o de dados.<\/span><br><span style=\"font-family: Roboto;font-size: 16px\">A Learning2Trading, Lda. \u00e9 a entidade respons\u00e1vel pela manuten\u00e7\u00e3o e gest\u00e3o da plataforma e estabelecimento das comunica\u00e7\u00f5es autom\u00e1ticas entre os utilizadores e a Art2Trading.<\/span><\/p><p><strong><span style=\"font-family: Roboto;font-size: 16px\">Tempo de conserva\u00e7\u00e3o em fun\u00e7\u00e3o da finalidade<\/span><\/strong><br><span style=\"font-family: Roboto;font-size: 16px\">Os dados pessoais dos utilizadores ser\u00e3o conservados at\u00e9 6 meses ap\u00f3s fim do per\u00edodo de subscri\u00e7\u00e3o dos servi\u00e7os. Posteriormente ser\u00e3o anonimizados ou eliminados.<\/span><\/p><p><strong><span style=\"font-family: Roboto;font-size: 16px\">Direito de acesso e retirada do consentimento<\/span><\/strong><br><span style=\"font-family: Roboto;font-size: 16px\">The data subject has the right to access, update, rectify or delete their personal data, at any time, through written communication to Learning2Trading, Lda., Santiago University Campus ? Gl&oacute;ria, Building 1 ? Aveiro 3810-168 Aveiro or via an email to info@art2trading.com<\/span><\/p><p><strong><span style=\"font-family: Roboto;font-size: 16px\">Recolha de dados em redes abertas<\/span><\/strong><br><span style=\"font-family: Roboto;font-size: 16px\">Apesar dos esfor\u00e7os e mecanismos de seguran\u00e7a adotados pela Learning2Trading, tratando-se da recolha de dados em redes abertas, os seus dados pessoais podem circular na rede sem condi\u00e7\u00f5es de seguran\u00e7a, correndo o risco de serem vistos e utilizados por terceiros n\u00e3o autorizados.<\/span><\/p><p><strong><span style=\"font-family: Roboto;font-size: 16px\">Direito de reclamar<\/span><\/strong><br><span style=\"font-family: Roboto;font-size: 16px\">O titular dos dados tem o direito de apresentar reclama\u00e7\u00e3o quanto a qualquer quest\u00e3o relativa ao tratamento dos seus dados pessoais, junto da Learning2Trading, Lda. via o endere\u00e7o de email: info@art2trading.com<\/span><br><span style=\"font-family: Roboto;font-size: 16px\">Nevertheless, the data subject has the right to complain to the National Data Protection Commission ? CNPD.<\/span><\/p><p><span style=\"font-family: Roboto;font-size: 16px\">\u00daltima atualiza\u00e7\u00e3o: 15 de abril de 2021<\/span><\/p><\/div>\n\t\t\t\t<\/div>\n\t\t\t\t<\/div>\n\t\t\t\t<div class=\"elementor-element elementor-element-247ba55 elementor-widget elementor-widget-text-editor\" data-id=\"247ba55\" data-element_type=\"widget\" data-widget_type=\"text-editor.default\">\n\t\t\t\t<div class=\"elementor-widget-container\">\n\t\t\t\t\t<div class=\"elementor-text-editor elementor-clearfix\"><p>&nbsp;<\/p><p>&nbsp;<\/p><p>&nbsp;<\/p><p><span style=\"font-family: Roboto\"><strong>\u00cdndice lingu\u00edstico da Pol\u00edtica de Privacidade da Art2Trading<\/strong><\/span><\/p><p><span style=\"font-family: Roboto\">A tabela abaixo inclui links para a pol\u00edtica de Privacidade da Art2Trading traduzida em diferentes l\u00ednguas. Encontre e clique num link para ler os termos de servi\u00e7o nessa l\u00edngua.<\/span><\/p><p><span style=\"font-family: Roboto\">Esta tabela est\u00e1 organizada por ordem alfab\u00e9tica pelo nome ingl\u00eas para cada l\u00edngua.<\/span><\/p><p>&nbsp;<\/p><table style=\"border-collapse: collapse;width: 100%;height: 72px\"><tbody><tr style=\"height: 24px\"><td style=\"width: 33.3333%;height: 24px\"><strong><span style=\"font-family: Roboto;font-size: 14px\">Language<\/span><\/strong><\/td><td style=\"width: 33.3333%;height: 24px\"><strong><span style=\"font-family: Roboto;font-size: 14px\">Country Code<\/span><\/strong><\/td><td style=\"width: 33.3333%;height: 24px\"><strong><span style=\"font-family: Roboto;font-size: 14px\">URL<\/span><\/strong><\/td><\/tr><tr style=\"height: 24px\"><td style=\"width: 33.3333%;height: 24px\"><span style=\"font-family: Roboto;font-size: 12px\">Ingl\u00eas UK<\/span><\/td><td style=\"width: 33.3333%;height: 24px\"><span style=\"font-family: Roboto;font-size: 12px\">en-UK<\/span><\/td><td style=\"width: 33.3333%;height: 24px\"><a href=\"https:\/\/art2trading.com\/pt\/legal-documents\/privacy-policy\/\"><span style=\"font-family: Roboto;font-size: 12px\">en-UK<\/span><\/a><\/td><\/tr><tr style=\"height: 24px\"><td style=\"width: 33.3333%;height: 24px\"><span style=\"font-family: Roboto;font-size: 12px\">Portuguese PT<\/span><\/td><td style=\"width: 33.3333%;height: 24px\"><span style=\"font-family: Roboto;font-size: 12px\">pt-PT<\/span><\/td><td style=\"width: 33.3333%;height: 24px\"><a href=\"https:\/\/art2trading.com\/pt\/legal-documents\/privacy-policy\/\"><span style=\"font-family: Roboto;font-size: 12px\">pt-PT<\/span><\/a><\/td><\/tr><\/tbody><\/table><\/div>\n\t\t\t\t<\/div>\n\t\t\t\t<\/div>\n\t\t\t\t\t<\/div>\n\t\t<\/div>\n\t\t\t\t\t\t\t<\/div>\n\t\t<\/section>\n\t\t\t\t<section class=\"elementor-section elementor-top-section elementor-element elementor-element-3bf91b2 elementor-section-boxed elementor-section-height-default elementor-section-height-default\" data-id=\"3bf91b2\" data-element_type=\"section\">\n\t\t\t\t\t\t<div class=\"elementor-container elementor-column-gap-default\">\n\t\t\t\t\t<div class=\"elementor-column elementor-col-100 elementor-top-column elementor-element elementor-element-53692e3\" data-id=\"53692e3\" data-element_type=\"column\">\n\t\t\t<div class=\"elementor-widget-wrap elementor-element-populated\">\n\t\t\t\t\t\t\t\t<div class=\"elementor-element elementor-element-25392ba elementor-widget elementor-widget-text-editor\" data-id=\"25392ba\" data-element_type=\"widget\" data-widget_type=\"text-editor.default\">\n\t\t\t\t<div class=\"elementor-widget-container\">\n\t\t\t\t\t<div class=\"elementor-text-editor elementor-clearfix\"><br>\n<br>\n<br><\/div>\n\t\t\t\t<\/div>\n\t\t\t\t<\/div>\n\t\t\t\t\t<\/div>\n\t\t<\/div>\n\t\t\t\t\t\t\t<\/div>\n\t\t<\/section>\n\t\t\t\t\t\t<\/div>\n\t\t\t\t\t<\/div>","protected":false},"excerpt":{"rendered":"<p>&nbsp; &nbsp; Privacy Policy &nbsp; &nbsp; The acceptance of this privacy policy determines the consent to the processing of your data in the precise terms and conditions in which they are expressed. Please read these conditions carefully and if you do not consent to their use, do not accept them. Law No. 58\/2019 of 8 [&hellip;]<\/p>","protected":false},"author":3,"featured_media":0,"parent":8083,"menu_order":107,"comment_status":"closed","ping_status":"closed","template":"","meta":{"content-type":"","footnotes":""},"class_list":["post-7881","page","type-page","status-publish","hentry"],"yoast_head":"<!-- This site is optimized with the Yoast SEO Premium plugin v20.0 (Yoast SEO v23.6) - https:\/\/yoast.com\/wordpress\/plugins\/seo\/ -->\n<title>Privacy-policy - Art2Trading<\/title>\n<meta name=\"robots\" content=\"index, follow, max-snippet:-1, max-image-preview:large, max-video-preview:-1\" \/>\n<link rel=\"canonical\" href=\"https:\/\/art2trading.com\/pt\/legal-documents\/privacy-policy\/\" \/>\n<meta property=\"og:locale\" content=\"pt_PT\" \/>\n<meta property=\"og:type\" content=\"article\" \/>\n<meta property=\"og:title\" content=\"Privacy-policy - Art2Trading\" \/>\n<meta property=\"og:description\" content=\"\u00a0 \u00a0 Privacy Policy \u00a0 \u00a0 The acceptance of this privacy policy determines the consent to the processing of your data in the precise terms and conditions in which they are expressed. Please read these conditions carefully and if you do not consent to their use, do not accept them. Law No. 58\/2019 of 8 [&hellip;]\" \/>\n<meta property=\"og:url\" content=\"https:\/\/art2trading.com\/pt\/legal-documents\/privacy-policy\/\" \/>\n<meta property=\"og:site_name\" content=\"Art2Trading\" \/>\n<meta property=\"article:publisher\" content=\"https:\/\/www.facebook.com\/art2trading\" \/>\n<meta property=\"article:modified_time\" content=\"2023-03-23T17:37:25+00:00\" \/>\n<meta name=\"twitter:card\" content=\"summary_large_image\" \/>\n<meta name=\"twitter:site\" content=\"@Art2Trading\" \/>\n<meta name=\"twitter:label1\" content=\"Tempo estimado de leitura\" \/>\n\t<meta name=\"twitter:data1\" content=\"3 minutos\" \/>\n<script type=\"application\/ld+json\" class=\"yoast-schema-graph\">{\"@context\":\"https:\/\/schema.org\",\"@graph\":[{\"@type\":\"WebPage\",\"@id\":\"https:\/\/art2trading.com\/legal-documents\/privacy-policy\/\",\"url\":\"https:\/\/art2trading.com\/legal-documents\/privacy-policy\/\",\"name\":\"Privacy-policy - Art2Trading\",\"isPartOf\":{\"@id\":\"https:\/\/art2trading.com\/#website\"},\"datePublished\":\"2021-12-02T18:30:37+00:00\",\"dateModified\":\"2023-03-23T17:37:25+00:00\",\"breadcrumb\":{\"@id\":\"https:\/\/art2trading.com\/legal-documents\/privacy-policy\/#breadcrumb\"},\"inLanguage\":\"pt-PT\",\"potentialAction\":[{\"@type\":\"ReadAction\",\"target\":[\"https:\/\/art2trading.com\/legal-documents\/privacy-policy\/\"]}]},{\"@type\":\"BreadcrumbList\",\"@id\":\"https:\/\/art2trading.com\/legal-documents\/privacy-policy\/#breadcrumb\",\"itemListElement\":[{\"@type\":\"ListItem\",\"position\":1,\"name\":\"Legal Documents\",\"item\":\"https:\/\/art2trading.com\/legal-documents\/\"},{\"@type\":\"ListItem\",\"position\":2,\"name\":\"Privacy-policy\"}]},{\"@type\":\"WebSite\",\"@id\":\"https:\/\/art2trading.com\/#website\",\"url\":\"https:\/\/art2trading.com\/\",\"name\":\"Art2Trading\",\"description\":\"AI Trading Solutions for financial markets\",\"publisher\":{\"@id\":\"https:\/\/art2trading.com\/#organization\"},\"potentialAction\":[{\"@type\":\"SearchAction\",\"target\":{\"@type\":\"EntryPoint\",\"urlTemplate\":\"https:\/\/art2trading.com\/?s={search_term_string}\"},\"query-input\":{\"@type\":\"PropertyValueSpecification\",\"valueRequired\":true,\"valueName\":\"search_term_string\"}}],\"inLanguage\":\"pt-PT\"},{\"@type\":\"Organization\",\"@id\":\"https:\/\/art2trading.com\/#organization\",\"name\":\"Art2Trading\",\"url\":\"https:\/\/art2trading.com\/\",\"logo\":{\"@type\":\"ImageObject\",\"inLanguage\":\"pt-PT\",\"@id\":\"https:\/\/art2trading.com\/#\/schema\/logo\/image\/\",\"url\":\"https:\/\/art2trading.com\/wp-content\/uploads\/2021\/10\/Art2Trading-210923B.png\",\"contentUrl\":\"https:\/\/art2trading.com\/wp-content\/uploads\/2021\/10\/Art2Trading-210923B.png\",\"width\":3756,\"height\":768,\"caption\":\"Art2Trading\"},\"image\":{\"@id\":\"https:\/\/art2trading.com\/#\/schema\/logo\/image\/\"},\"sameAs\":[\"https:\/\/www.facebook.com\/art2trading\",\"https:\/\/x.com\/Art2Trading\",\"https:\/\/www.instagram.com\/art2trading\/\",\"https:\/\/www.linkedin.com\/company\/art2trading\/\"]}]}<\/script>\n<!-- \/ Yoast SEO Premium plugin. -->","yoast_head_json":{"title":"Privacy-policy - Art2Trading","robots":{"index":"index","follow":"follow","max-snippet":"max-snippet:-1","max-image-preview":"max-image-preview:large","max-video-preview":"max-video-preview:-1"},"canonical":"https:\/\/art2trading.com\/pt\/legal-documents\/privacy-policy\/","og_locale":"pt_PT","og_type":"article","og_title":"Privacy-policy - Art2Trading","og_description":"\u00a0 \u00a0 Privacy Policy \u00a0 \u00a0 The acceptance of this privacy policy determines the consent to the processing of your data in the precise terms and conditions in which they are expressed. Please read these conditions carefully and if you do not consent to their use, do not accept them. Law No. 58\/2019 of 8 [&hellip;]","og_url":"https:\/\/art2trading.com\/pt\/legal-documents\/privacy-policy\/","og_site_name":"Art2Trading","article_publisher":"https:\/\/www.facebook.com\/art2trading","article_modified_time":"2023-03-23T17:37:25+00:00","twitter_card":"summary_large_image","twitter_site":"@Art2Trading","twitter_misc":{"Tempo estimado de leitura":"3 minutos"},"schema":{"@context":"https:\/\/schema.org","@graph":[{"@type":"WebPage","@id":"https:\/\/art2trading.com\/legal-documents\/privacy-policy\/","url":"https:\/\/art2trading.com\/legal-documents\/privacy-policy\/","name":"Privacy-policy - Art2Trading","isPartOf":{"@id":"https:\/\/art2trading.com\/#website"},"datePublished":"2021-12-02T18:30:37+00:00","dateModified":"2023-03-23T17:37:25+00:00","breadcrumb":{"@id":"https:\/\/art2trading.com\/legal-documents\/privacy-policy\/#breadcrumb"},"inLanguage":"pt-PT","potentialAction":[{"@type":"ReadAction","target":["https:\/\/art2trading.com\/legal-documents\/privacy-policy\/"]}]},{"@type":"BreadcrumbList","@id":"https:\/\/art2trading.com\/legal-documents\/privacy-policy\/#breadcrumb","itemListElement":[{"@type":"ListItem","position":1,"name":"Legal Documents","item":"https:\/\/art2trading.com\/legal-documents\/"},{"@type":"ListItem","position":2,"name":"Privacy-policy"}]},{"@type":"WebSite","@id":"https:\/\/art2trading.com\/#website","url":"https:\/\/art2trading.com\/","name":"Art2Trading","description":"AI Trading Solutions for financial markets","publisher":{"@id":"https:\/\/art2trading.com\/#organization"},"potentialAction":[{"@type":"SearchAction","target":{"@type":"EntryPoint","urlTemplate":"https:\/\/art2trading.com\/?s={search_term_string}"},"query-input":{"@type":"PropertyValueSpecification","valueRequired":true,"valueName":"search_term_string"}}],"inLanguage":"pt-PT"},{"@type":"Organization","@id":"https:\/\/art2trading.com\/#organization","name":"Art2Trading","url":"https:\/\/art2trading.com\/","logo":{"@type":"ImageObject","inLanguage":"pt-PT","@id":"https:\/\/art2trading.com\/#\/schema\/logo\/image\/","url":"https:\/\/art2trading.com\/wp-content\/uploads\/2021\/10\/Art2Trading-210923B.png","contentUrl":"https:\/\/art2trading.com\/wp-content\/uploads\/2021\/10\/Art2Trading-210923B.png","width":3756,"height":768,"caption":"Art2Trading"},"image":{"@id":"https:\/\/art2trading.com\/#\/schema\/logo\/image\/"},"sameAs":["https:\/\/www.facebook.com\/art2trading","https:\/\/x.com\/Art2Trading","https:\/\/www.instagram.com\/art2trading\/","https:\/\/www.linkedin.com\/company\/art2trading\/"]}]}},"jetpack_sharing_enabled":true,"jetpack_shortlink":"https:\/\/wp.me\/PdoDwq-237","_links":{"self":[{"href":"https:\/\/art2trading.com\/pt\/wp-json\/wp\/v2\/pages\/7881"}],"collection":[{"href":"https:\/\/art2trading.com\/pt\/wp-json\/wp\/v2\/pages"}],"about":[{"href":"https:\/\/art2trading.com\/pt\/wp-json\/wp\/v2\/types\/page"}],"author":[{"embeddable":true,"href":"https:\/\/art2trading.com\/pt\/wp-json\/wp\/v2\/users\/3"}],"replies":[{"embeddable":true,"href":"https:\/\/art2trading.com\/pt\/wp-json\/wp\/v2\/comments?post=7881"}],"version-history":[{"count":0,"href":"https:\/\/art2trading.com\/pt\/wp-json\/wp\/v2\/pages\/7881\/revisions"}],"up":[{"embeddable":true,"href":"https:\/\/art2trading.com\/pt\/wp-json\/wp\/v2\/pages\/8083"}],"wp:attachment":[{"href":"https:\/\/art2trading.com\/pt\/wp-json\/wp\/v2\/media?parent=7881"}],"curies":[{"name":"wp","href":"https:\/\/api.w.org\/{rel}","templated":true}]}}