
{"id":8908,"date":"2022-11-25T09:50:02","date_gmt":"2022-11-25T09:50:02","guid":{"rendered":"https:\/\/art2trading.com\/?page_id=8908"},"modified":"2023-10-10T11:11:23","modified_gmt":"2023-10-10T10:11:23","slug":"blog","status":"publish","type":"page","link":"https:\/\/art2trading.com\/pt\/blog\/","title":{"rendered":"<p>Blog<\/p>"},"content":{"rendered":"<div data-elementor-type=\"wp-page\" data-elementor-id=\"8908\" class=\"elementor elementor-8908\" data-elementor-settings=\"[]\">\n\t\t\t\t\t\t\t<div class=\"elementor-section-wrap\">\n\t\t\t\t\t\t\t<section class=\"elementor-section elementor-top-section elementor-element elementor-element-690b602 elementor-section-boxed elementor-section-height-default elementor-section-height-default\" data-id=\"690b602\" data-element_type=\"section\">\n\t\t\t\t\t\t<div class=\"elementor-container elementor-column-gap-default\">\n\t\t\t\t\t<div class=\"elementor-column elementor-col-100 elementor-top-column elementor-element elementor-element-28079f5\" data-id=\"28079f5\" data-element_type=\"column\">\n\t\t\t<div class=\"elementor-widget-wrap elementor-element-populated\">\n\t\t\t\t\t\t\t\t<div class=\"elementor-element elementor-element-0f282c9 elementor-grid-2 elementor-posts--align-left elementor-grid-tablet-2 elementor-grid-mobile-1 elementor-posts--thumbnail-top elementor-widget elementor-widget-posts\" data-id=\"0f282c9\" data-element_type=\"widget\" data-settings='{\"classic_columns\":\"2\",\"classic_row_gap\":{\"unit\":\"px\",\"size\":\"30\",\"sizes\":[]},\"classic_columns_tablet\":\"2\",\"classic_columns_mobile\":\"1\"}' data-widget_type=\"posts.classic\">\n\t\t\t\t<div class=\"elementor-widget-container\">\n\t\t\t\t\t<div class=\"elementor-posts-container elementor-posts elementor-posts--skin-classic elementor-grid\">\n\t\t\t\t<article class=\"elementor-post elementor-grid-item post-9770 post type-post status-publish format-standard has-post-thumbnail hentry category-fundamental-analysis category-learning-to-invest category-technical-analysis tag-fundamental-analysis tag-technical-analysis\">\n\t\t\t\t<a class=\"elementor-post__thumbnail__link\" href=\"https:\/\/art2trading.com\/pt\/learning-to-invest\/technical-analysis-vs-fundamental-analysis\/\">\n\t\t\t<div class=\"elementor-post__thumbnail\"><img loading=\"lazy\" decoding=\"async\" width=\"500\" height=\"300\" src=\"https:\/\/art2trading.com\/wp-content\/uploads\/2023\/01\/TECHNICAL-ANALYSIS-1-500x300.png\" class=\"attachment-konsulting_related_post_pic500x300 size-konsulting_related_post_pic500x300\" alt=\"An\u00e1lise T\u00e9cnica vs An\u00e1lise Fundamental\" srcset=\"https:\/\/art2trading.com\/wp-content\/uploads\/2023\/01\/TECHNICAL-ANALYSIS-1-500x300.png 500w, https:\/\/art2trading.com\/wp-content\/uploads\/2023\/01\/TECHNICAL-ANALYSIS-1-18x10.png 18w\" sizes=\"(max-width: 500px) 100vw, 500px\"><\/div>\n\t\t<\/a>\n\t\t\t\t<div class=\"elementor-post__text\">\n\t\t\t\t<h2 class=\"elementor-post__title\">\n\t\t\t<a href=\"https:\/\/art2trading.com\/pt\/learning-to-invest\/technical-analysis-vs-fundamental-analysis\/\">\n\t\t\t\tAn\u00e1lise T\u00e9cnica vs An\u00e1lise Fundamental - Qual a diferen\u00e7a?\t\t\t<\/a>\n\t\t<\/h2>\n\t\t\t\t<div class=\"elementor-post__excerpt\">\n\t\t\t<p>A An\u00e1lise T\u00e9cnica e a An\u00e1lise Fundamental s\u00e3o dois m\u00e9todos populares utilizados por investidores e traders para avaliar t\u00edtulos e ativos. Ambas abordagens t\u00eam os seus pr\u00f3prios pontos fortes e fracos, mas qual delas \u00e9 a melhor?<\/p>\n\t\t<\/div>\n\t\t\t\t\t<a class=\"elementor-post__read-more\" href=\"https:\/\/art2trading.com\/pt\/learning-to-invest\/technical-analysis-vs-fundamental-analysis\/\">\n\t\t\t\tLer mais \u00bb\t\t\t<\/a>\n\t\t\t\t<\/div>\n\t\t\t\t<\/article>\n\t\t\t\t<article class=\"elementor-post elementor-grid-item post-8916 post type-post status-publish format-standard has-post-thumbnail hentry category-robo-advisor tag-cryptocurrencies tag-robo-advisor\">\n\t\t\t\t<a class=\"elementor-post__thumbnail__link\" href=\"https:\/\/art2trading.com\/pt\/robo-advisor\/robo-advisor\/\">\n\t\t\t<div class=\"elementor-post__thumbnail\"><img loading=\"lazy\" decoding=\"async\" width=\"500\" height=\"300\" src=\"https:\/\/art2trading.com\/wp-content\/uploads\/2022\/12\/3e40725c-ec81-483b-bb29-69b4b3270aec-low-500x300.jpg\" class=\"attachment-konsulting_related_post_pic500x300 size-konsulting_related_post_pic500x300\" alt=\"Robo and human sealing a deal\" srcset=\"https:\/\/art2trading.com\/wp-content\/uploads\/2022\/12\/3e40725c-ec81-483b-bb29-69b4b3270aec-low-500x300.jpg 500w, https:\/\/art2trading.com\/wp-content\/uploads\/2022\/12\/3e40725c-ec81-483b-bb29-69b4b3270aec-low-18x12.jpg 18w\" sizes=\"(max-width: 500px) 100vw, 500px\"><\/div>\n\t\t<\/a>\n\t\t\t\t<div class=\"elementor-post__text\">\n\t\t\t\t<h2 class=\"elementor-post__title\">\n\t\t\t<a href=\"https:\/\/art2trading.com\/pt\/robo-advisor\/robo-advisor\/\">\n\t\t\t\tRobo-Advisor\t\t\t<\/a>\n\t\t<\/h2>\n\t\t\t\t<div class=\"elementor-post__excerpt\">\n\t\t\t<p>Se estiver \u00e0 procura de algu\u00e9m para gerir os seus investimentos por si, ent\u00e3o um Robo-advisor pode ser a resposta. Neste artigo vamos analisar mais de perto como funcionam os Robo-advisors e como a tecnologia por detr\u00e1s deles est\u00e1 a revolucionar a gest\u00e3o financeira.<\/p>\n\t\t<\/div>\n\t\t\t\t\t<a class=\"elementor-post__read-more\" href=\"https:\/\/art2trading.com\/pt\/robo-advisor\/robo-advisor\/\">\n\t\t\t\tLer mais \u00bb\t\t\t<\/a>\n\t\t\t\t<\/div>\n\t\t\t\t<\/article>\n\t\t\t\t<article class=\"elementor-post elementor-grid-item post-8882 post type-post status-publish format-standard has-post-thumbnail hentry category-common-trading-wisdom category-learning-to-invest tag-fibonacci\">\n\t\t\t\t<a class=\"elementor-post__thumbnail__link\" href=\"https:\/\/art2trading.com\/pt\/learning-to-invest\/fibonacci\/\">\n\t\t\t<div class=\"elementor-post__thumbnail\"><img loading=\"lazy\" decoding=\"async\" width=\"500\" height=\"300\" src=\"https:\/\/art2trading.com\/wp-content\/uploads\/2022\/11\/jhh-500x300.jpg\" class=\"attachment-konsulting_related_post_pic500x300 size-konsulting_related_post_pic500x300\" alt=\"Homem Vitruviano de Leonardo da Vinci\" srcset=\"https:\/\/art2trading.com\/wp-content\/uploads\/2022\/11\/jhh-500x300.jpg 500w, https:\/\/art2trading.com\/wp-content\/uploads\/2022\/11\/jhh-18x12.jpg 18w\" sizes=\"(max-width: 500px) 100vw, 500px\"><\/div>\n\t\t<\/a>\n\t\t\t\t<div class=\"elementor-post__text\">\n\t\t\t\t<h2 class=\"elementor-post__title\">\n\t\t\t<a href=\"https:\/\/art2trading.com\/pt\/learning-to-invest\/fibonacci\/\">\n\t\t\t\tSequ\u00eancia de Fibonacci\t\t\t<\/a>\n\t\t<\/h2>\n\t\t\t\t<div class=\"elementor-post__excerpt\">\n\t\t\t<p>Talvez nunca tenha ouvido falar da sequ\u00eancia de Fibonacci, mas trata-se de uma f\u00f3rmula matem\u00e1tica que existe h\u00e1 centenas de anos e \u00e9 utilizada para analisar os mercados financeiros. Este artigo explora a sequ\u00eancia de Fibonacci e a sua import\u00e2ncia.<\/p>\n\t\t<\/div>\n\t\t\t\t\t<a class=\"elementor-post__read-more\" href=\"https:\/\/art2trading.com\/pt\/learning-to-invest\/fibonacci\/\">\n\t\t\t\tLer mais \u00bb\t\t\t<\/a>\n\t\t\t\t<\/div>\n\t\t\t\t<\/article>\n\t\t\t\t<article class=\"elementor-post elementor-grid-item post-8778 post type-post status-publish format-standard has-post-thumbnail hentry category-learning-to-invest category-technical-analysis tag-chart-reading tag-cryptocurrencies tag-graphical-analysis\">\n\t\t\t\t<a class=\"elementor-post__thumbnail__link\" href=\"https:\/\/art2trading.com\/pt\/learning-to-invest\/technical-analysis\/\">\n\t\t\t<div class=\"elementor-post__thumbnail\"><img loading=\"lazy\" decoding=\"async\" width=\"500\" height=\"300\" src=\"https:\/\/art2trading.com\/wp-content\/uploads\/2022\/11\/1024-576-1-500x300.png\" class=\"attachment-konsulting_related_post_pic500x300 size-konsulting_related_post_pic500x300\" alt=\"Person doing technical analysis in a computor\" srcset=\"https:\/\/art2trading.com\/wp-content\/uploads\/2022\/11\/1024-576-1-500x300.png 500w, https:\/\/art2trading.com\/wp-content\/uploads\/2022\/11\/1024-576-1-18x10.png 18w\" sizes=\"(max-width: 500px) 100vw, 500px\"><\/div>\n\t\t<\/a>\n\t\t\t\t<div class=\"elementor-post__text\">\n\t\t\t\t<h2 class=\"elementor-post__title\">\n\t\t\t<a href=\"https:\/\/art2trading.com\/pt\/learning-to-invest\/technical-analysis\/\">\n\t\t\t\tAn\u00e1lise T\u00e9cnica\t\t\t<\/a>\n\t\t<\/h2>\n\t\t\t\t<div class=\"elementor-post__excerpt\">\n\t\t\t<p>A an\u00e1lise t\u00e9cnica \u00e9 o estudo do hist\u00f3rico do mercado de modo a ajudar a prever os pre\u00e7os futuros. Examinando volumes e tend\u00eancias de negocia\u00e7\u00e3o, altera\u00e7\u00f5es de pre\u00e7os e outros eventos associados ao mercado. Neste post, aprender\u00e1 mais sobre an\u00e1lise t\u00e9cnica - incluindo a sua defini\u00e7\u00e3o, alguns dos conceitos, vantagens e desvantagens e quem a utiliza.<\/p>\n\t\t<\/div>\n\t\t\t\t\t<a class=\"elementor-post__read-more\" href=\"https:\/\/art2trading.com\/pt\/learning-to-invest\/technical-analysis\/\">\n\t\t\t\tLer mais \u00bb\t\t\t<\/a>\n\t\t\t\t<\/div>\n\t\t\t\t<\/article>\n\t\t\t\t<\/div>\n\t\t\t\t<\/div>\n\t\t\t\t<\/div>\n\t\t\t\t\t<\/div>\n\t\t<\/div>\n\t\t\t\t\t\t\t<\/div>\n\t\t<\/section>\n\t\t\t\t\t\t<\/div>\n\t\t\t\t\t<\/div>","protected":false},"excerpt":{"rendered":"<p>Technical Analysis Technical analysis is the study of past market data in order to help predict future prices. It does this by examining trading volumes and trends, price changes and other events associated with the market. In this blog post, you?ll learn more about technical analysis - including its definition, some of the concepts and [...]<\/p>","protected":false},"author":3,"featured_media":0,"parent":0,"menu_order":0,"comment_status":"closed","ping_status":"closed","template":"","meta":{"content-type":"","footnotes":""},"class_list":["post-8908","page","type-page","status-publish","hentry"],"yoast_head":"<!-- This site is optimized with the Yoast SEO Premium plugin v20.0 (Yoast SEO v23.6) - https:\/\/yoast.com\/wordpress\/plugins\/seo\/ -->\n<title>Blog | Art2Trading<\/title>\n<meta name=\"description\" content=\"Stay informed on Art2Trading&#039;s developments and on topics related to the financial markets and trading. Click to learn more.\" \/>\n<meta name=\"robots\" content=\"index, follow, max-snippet:-1, max-image-preview:large, max-video-preview:-1\" \/>\n<link rel=\"canonical\" href=\"https:\/\/art2trading.com\/pt\/blog\/\" \/>\n<meta property=\"og:locale\" content=\"pt_PT\" \/>\n<meta property=\"og:type\" content=\"article\" \/>\n<meta property=\"og:title\" content=\"Blog | Art2Trading\" \/>\n<meta property=\"og:description\" content=\"Stay informed on Art2Trading&#039;s developments and on topics related to the financial markets and trading. Click to learn more.\" \/>\n<meta property=\"og:url\" content=\"https:\/\/art2trading.com\/pt\/blog\/\" \/>\n<meta property=\"og:site_name\" content=\"Art2Trading\" \/>\n<meta property=\"article:publisher\" content=\"https:\/\/www.facebook.com\/art2trading\" \/>\n<meta property=\"article:modified_time\" content=\"2023-10-10T10:11:23+00:00\" \/>\n<meta name=\"twitter:card\" content=\"summary_large_image\" \/>\n<meta name=\"twitter:site\" content=\"@Art2Trading\" \/>\n<script type=\"application\/ld+json\" class=\"yoast-schema-graph\">{\"@context\":\"https:\/\/schema.org\",\"@graph\":[{\"@type\":\"WebPage\",\"@id\":\"https:\/\/art2trading.com\/blog\/\",\"url\":\"https:\/\/art2trading.com\/blog\/\",\"name\":\"Blog | Art2Trading\",\"isPartOf\":{\"@id\":\"https:\/\/art2trading.com\/#website\"},\"datePublished\":\"2022-11-25T09:50:02+00:00\",\"dateModified\":\"2023-10-10T10:11:23+00:00\",\"description\":\"Stay informed on Art2Trading's developments and on topics related to the financial markets and trading. Click to learn more.\",\"inLanguage\":\"pt-PT\",\"potentialAction\":[{\"@type\":\"ReadAction\",\"target\":[\"https:\/\/art2trading.com\/blog\/\"]}]},{\"@type\":\"WebSite\",\"@id\":\"https:\/\/art2trading.com\/#website\",\"url\":\"https:\/\/art2trading.com\/\",\"name\":\"Art2Trading\",\"description\":\"AI Trading Solutions for financial markets\",\"publisher\":{\"@id\":\"https:\/\/art2trading.com\/#organization\"},\"potentialAction\":[{\"@type\":\"SearchAction\",\"target\":{\"@type\":\"EntryPoint\",\"urlTemplate\":\"https:\/\/art2trading.com\/?s={search_term_string}\"},\"query-input\":{\"@type\":\"PropertyValueSpecification\",\"valueRequired\":true,\"valueName\":\"search_term_string\"}}],\"inLanguage\":\"pt-PT\"},{\"@type\":\"Organization\",\"@id\":\"https:\/\/art2trading.com\/#organization\",\"name\":\"Art2Trading\",\"url\":\"https:\/\/art2trading.com\/\",\"logo\":{\"@type\":\"ImageObject\",\"inLanguage\":\"pt-PT\",\"@id\":\"https:\/\/art2trading.com\/#\/schema\/logo\/image\/\",\"url\":\"https:\/\/art2trading.com\/wp-content\/uploads\/2021\/10\/Art2Trading-210923B.png\",\"contentUrl\":\"https:\/\/art2trading.com\/wp-content\/uploads\/2021\/10\/Art2Trading-210923B.png\",\"width\":3756,\"height\":768,\"caption\":\"Art2Trading\"},\"image\":{\"@id\":\"https:\/\/art2trading.com\/#\/schema\/logo\/image\/\"},\"sameAs\":[\"https:\/\/www.facebook.com\/art2trading\",\"https:\/\/x.com\/Art2Trading\",\"https:\/\/www.instagram.com\/art2trading\/\",\"https:\/\/www.linkedin.com\/company\/art2trading\/\"]}]}<\/script>\n<!-- \/ Yoast SEO Premium plugin. -->","yoast_head_json":{"title":"Blog | Art2Trading","description":"Stay informed on Art2Trading's developments and on topics related to the financial markets and trading. Click to learn more.","robots":{"index":"index","follow":"follow","max-snippet":"max-snippet:-1","max-image-preview":"max-image-preview:large","max-video-preview":"max-video-preview:-1"},"canonical":"https:\/\/art2trading.com\/pt\/blog\/","og_locale":"pt_PT","og_type":"article","og_title":"Blog | Art2Trading","og_description":"Stay informed on Art2Trading's developments and on topics related to the financial markets and trading. Click to learn more.","og_url":"https:\/\/art2trading.com\/pt\/blog\/","og_site_name":"Art2Trading","article_publisher":"https:\/\/www.facebook.com\/art2trading","article_modified_time":"2023-10-10T10:11:23+00:00","twitter_card":"summary_large_image","twitter_site":"@Art2Trading","schema":{"@context":"https:\/\/schema.org","@graph":[{"@type":"WebPage","@id":"https:\/\/art2trading.com\/blog\/","url":"https:\/\/art2trading.com\/blog\/","name":"Blog | Art2Trading","isPartOf":{"@id":"https:\/\/art2trading.com\/#website"},"datePublished":"2022-11-25T09:50:02+00:00","dateModified":"2023-10-10T10:11:23+00:00","description":"Stay informed on Art2Trading's developments and on topics related to the financial markets and trading. Click to learn more.","inLanguage":"pt-PT","potentialAction":[{"@type":"ReadAction","target":["https:\/\/art2trading.com\/blog\/"]}]},{"@type":"WebSite","@id":"https:\/\/art2trading.com\/#website","url":"https:\/\/art2trading.com\/","name":"Art2Trading","description":"AI Trading Solutions for financial markets","publisher":{"@id":"https:\/\/art2trading.com\/#organization"},"potentialAction":[{"@type":"SearchAction","target":{"@type":"EntryPoint","urlTemplate":"https:\/\/art2trading.com\/?s={search_term_string}"},"query-input":{"@type":"PropertyValueSpecification","valueRequired":true,"valueName":"search_term_string"}}],"inLanguage":"pt-PT"},{"@type":"Organization","@id":"https:\/\/art2trading.com\/#organization","name":"Art2Trading","url":"https:\/\/art2trading.com\/","logo":{"@type":"ImageObject","inLanguage":"pt-PT","@id":"https:\/\/art2trading.com\/#\/schema\/logo\/image\/","url":"https:\/\/art2trading.com\/wp-content\/uploads\/2021\/10\/Art2Trading-210923B.png","contentUrl":"https:\/\/art2trading.com\/wp-content\/uploads\/2021\/10\/Art2Trading-210923B.png","width":3756,"height":768,"caption":"Art2Trading"},"image":{"@id":"https:\/\/art2trading.com\/#\/schema\/logo\/image\/"},"sameAs":["https:\/\/www.facebook.com\/art2trading","https:\/\/x.com\/Art2Trading","https:\/\/www.instagram.com\/art2trading\/","https:\/\/www.linkedin.com\/company\/art2trading\/"]}]}},"jetpack_sharing_enabled":true,"jetpack_shortlink":"https:\/\/wp.me\/PdoDwq-2jG","_links":{"self":[{"href":"https:\/\/art2trading.com\/pt\/wp-json\/wp\/v2\/pages\/8908"}],"collection":[{"href":"https:\/\/art2trading.com\/pt\/wp-json\/wp\/v2\/pages"}],"about":[{"href":"https:\/\/art2trading.com\/pt\/wp-json\/wp\/v2\/types\/page"}],"author":[{"embeddable":true,"href":"https:\/\/art2trading.com\/pt\/wp-json\/wp\/v2\/users\/3"}],"replies":[{"embeddable":true,"href":"https:\/\/art2trading.com\/pt\/wp-json\/wp\/v2\/comments?post=8908"}],"version-history":[{"count":0,"href":"https:\/\/art2trading.com\/pt\/wp-json\/wp\/v2\/pages\/8908\/revisions"}],"wp:attachment":[{"href":"https:\/\/art2trading.com\/pt\/wp-json\/wp\/v2\/media?parent=8908"}],"curies":[{"name":"wp","href":"https:\/\/api.w.org\/{rel}","templated":true}]}}